{"id":1272,"date":"2024-06-09T20:15:58","date_gmt":"2024-06-09T16:45:58","guid":{"rendered":"https:\/\/snowpars.com\/%d9%87%d9%85%da%a9%d8%a7%d8%b1%db%8c-%d8%a8%d8%a7-%d8%b3%d9%86%d9%88%d9%be%d8%a7%d8%b1%d8%b3\/"},"modified":"2024-08-30T18:25:54","modified_gmt":"2024-08-30T14:55:54","slug":"cooperation-with-senopars","status":"publish","type":"page","link":"https:\/\/snowpars.com\/fr\/cooperation-with-senopars\/","title":{"rendered":"\u0647\u0645\u06a9\u0627\u0631\u06cc \u0628\u0627 \u0633\u0646\u0648\u067e\u0627\u0631\u0633"},"content":{"rendered":"\t\t<div data-elementor-type=\"wp-page\" data-elementor-id=\"1272\" class=\"elementor elementor-1272 elementor-1265\" data-elementor-post-type=\"page\">\n\t\t\t\t<div class=\"elementor-element elementor-element-497178d e-flex e-con-boxed e-con e-parent\" data-id=\"497178d\" data-element_type=\"container\" data-e-type=\"container\" data-settings=\"{&quot;background_background&quot;:&quot;classic&quot;}\">\n\t\t\t\t\t<div class=\"e-con-inner\">\n\t\t\t\t\t<\/div>\n\t\t\t\t<\/div>\n\t\t<div class=\"elementor-element elementor-element-5bbba30 e-flex e-con-boxed e-con e-parent\" data-id=\"5bbba30\" data-element_type=\"container\" data-e-type=\"container\">\n\t\t\t\t\t<div class=\"e-con-inner\">\n\t\t\t\t<div class=\"elementor-element elementor-element-44b9a83 elementor-widget elementor-widget-heading\" data-id=\"44b9a83\" data-element_type=\"widget\" data-e-type=\"widget\" data-widget_type=\"heading.default\">\n\t\t\t\t<div class=\"elementor-widget-container\">\n\t\t\t\t\t<h2 class=\"elementor-heading-title elementor-size-default\">Coop\u00e9ration avec Senopars<\/h2>\t\t\t\t<\/div>\n\t\t\t\t<\/div>\n\t\t\t\t<div class=\"elementor-element elementor-element-ad1e10a elementor-widget-divider--view-line elementor-widget elementor-widget-divider\" data-id=\"ad1e10a\" data-element_type=\"widget\" data-e-type=\"widget\" data-widget_type=\"divider.default\">\n\t\t\t\t<div class=\"elementor-widget-container\">\n\t\t\t\t\t\t\t<div class=\"elementor-divider\">\n\t\t\t<span class=\"elementor-divider-separator\">\n\t\t\t\t\t\t<\/span>\n\t\t<\/div>\n\t\t\t\t\t\t<\/div>\n\t\t\t\t<\/div>\n\t\t\t\t<div class=\"elementor-element elementor-element-48eac6a elementor-widget elementor-widget-text-editor\" data-id=\"48eac6a\" data-element_type=\"widget\" data-e-type=\"widget\" data-widget_type=\"text-editor.default\">\n\t\t\t\t<div class=\"elementor-widget-container\">\n\t\t\t\t\t\t\t\t\t<p>Afin d&rsquo;\u00e9largir la cha\u00eene d&rsquo;approvisionnement et d&rsquo;identifier des partenaires et des fournisseurs pour coop\u00e9rer dans la production d&rsquo;engins de construction routi\u00e8re, la soci\u00e9t\u00e9 Senopars a cr\u00e9\u00e9 une banque d&rsquo;informations de fournisseurs. \u00c0 cet \u00e9gard, les entreprises nationales et \u00e9trang\u00e8res fiables et comp\u00e9tentes qui postulent \u00e0 une coop\u00e9ration avec la soci\u00e9t\u00e9 Senopars doivent remplir le formulaire suivant et t\u00e9l\u00e9charger leur catalogue de produits afin de s&rsquo;inscrire dans la base de donn\u00e9es des fournisseurs.<\/p>\t\t\t\t\t\t\t\t<\/div>\n\t\t\t\t<\/div>\n\t\t\t\t\t<\/div>\n\t\t\t\t<\/div>\n\t\t<div class=\"elementor-element elementor-element-0fbc299 e-flex e-con-boxed e-con e-parent\" data-id=\"0fbc299\" data-element_type=\"container\" data-e-type=\"container\">\n\t\t\t\t\t<div class=\"e-con-inner\">\n\t\t\t\t<div class=\"elementor-element elementor-element-64cfcac other-lang-forms elementor-widget elementor-widget-shortcode\" data-id=\"64cfcac\" data-element_type=\"widget\" data-e-type=\"widget\" data-widget_type=\"shortcode.default\">\n\t\t\t\t<div class=\"elementor-widget-container\">\n\t\t\t\t\t\t\t<div class=\"elementor-shortcode\">\n<div class=\"wpcf7 no-js\" id=\"wpcf7-f8136-o1\" lang=\"fa-IR\" dir=\"rtl\" data-wpcf7-id=\"8136\">\n<div class=\"screen-reader-response\"><p role=\"status\" aria-live=\"polite\" aria-atomic=\"true\"><\/p> <ul><\/ul><\/div>\n<form action=\"\/fr\/wp-json\/wp\/v2\/pages\/1272#wpcf7-f8136-o1\" method=\"post\" class=\"wpcf7-form init\" aria-label=\"\u0641\u0631\u0645 \u062a\u0645\u0627\u0633\" enctype=\"multipart\/form-data\" novalidate=\"novalidate\" data-status=\"init\">\n<fieldset class=\"hidden-fields-container\"><input type=\"hidden\" name=\"_wpcf7\" value=\"8136\" \/><input type=\"hidden\" name=\"_wpcf7_version\" value=\"6.1.5\" \/><input type=\"hidden\" name=\"_wpcf7_locale\" value=\"fa_IR\" \/><input type=\"hidden\" name=\"_wpcf7_unit_tag\" value=\"wpcf7-f8136-o1\" \/><input type=\"hidden\" name=\"_wpcf7_container_post\" value=\"0\" \/><input type=\"hidden\" name=\"_wpcf7_posted_data_hash\" value=\"\" \/><input type=\"hidden\" name=\"_wpcf7_recaptcha_response\" value=\"\" \/>\n<\/fieldset>\n<p><label> ton nom <\/label><br \/>\n<span class=\"wpcf7-form-control-wrap\" data-name=\"first-name\"><input size=\"40\" maxlength=\"400\" class=\"wpcf7-form-control wpcf7-text wpcf7-validates-as-required first-name\" autocomplete=\"first-name\" aria-required=\"true\" aria-invalid=\"false\" value=\"\" type=\"text\" name=\"first-name\" \/><\/span>\n<\/p>\n<p><label> ton nom de famille <\/label><br \/>\n<span class=\"wpcf7-form-control-wrap\" data-name=\"last-name\"><input size=\"40\" maxlength=\"400\" class=\"wpcf7-form-control wpcf7-text wpcf7-validates-as-required last-name\" aria-required=\"true\" aria-invalid=\"false\" value=\"\" type=\"text\" name=\"last-name\" \/><\/span>\n<\/p>\n<p><label> t\u00e9l\u00e9phone mobile <\/label><br \/>\n<span class=\"wpcf7-form-control-wrap\" data-name=\"telephone\"><input size=\"40\" maxlength=\"400\" class=\"wpcf7-form-control wpcf7-tel wpcf7-validates-as-required wpcf7-text wpcf7-validates-as-tel telephone\" aria-required=\"true\" aria-invalid=\"false\" value=\"\" type=\"tel\" name=\"telephone\" \/><\/span>\n<\/p>\n<p><label> Domaine d'activit\u00e9 <\/label><br \/>\n<span class=\"wpcf7-form-control-wrap\" data-name=\"work-type\"><input size=\"40\" maxlength=\"400\" class=\"wpcf7-form-control wpcf7-text wpcf7-validates-as-required work-type\" aria-required=\"true\" aria-invalid=\"false\" value=\"\" type=\"text\" name=\"work-type\" \/><\/span>\n<\/p>\n<p><label> votre CV <\/label><br \/>\n<span class=\"wpcf7-form-control-wrap\" data-name=\"resume1\"><input size=\"40\" class=\"wpcf7-form-control wpcf7-file resume1\" accept=\".pdf,.docx,.txt\" aria-invalid=\"false\" type=\"file\" name=\"resume1\" \/><\/span><br \/>\n<span class=\"wpcf7-form-control-wrap\" data-name=\"resume2\"><input size=\"40\" class=\"wpcf7-form-control wpcf7-file resume2\" accept=\".pdf,.docx,.txt\" aria-invalid=\"false\" type=\"file\" name=\"resume2\" \/><\/span><br \/>\n<span class=\"wpcf7-form-control-wrap\" data-name=\"resume3\"><input size=\"40\" class=\"wpcf7-form-control wpcf7-file resume3\" accept=\".pdf,.docx,.txt\" aria-invalid=\"false\" type=\"file\" name=\"resume3\" \/><\/span>\n<\/p>\n<p><label> D\u00e9tails suppl\u00e9mentaires <\/label><br \/>\n<span class=\"wpcf7-form-control-wrap\" data-name=\"your-message\"><textarea cols=\"40\" rows=\"10\" maxlength=\"2000\" class=\"wpcf7-form-control wpcf7-textarea\" aria-invalid=\"false\" name=\"your-message\"><\/textarea><\/span>\n<\/p>\n<p><input class=\"wpcf7-form-control wpcf7-submit has-spinner\" type=\"submit\" value=\"inscription\" \/>\n<\/p><p style=\"display: none !important;\" class=\"akismet-fields-container\" data-prefix=\"_wpcf7_ak_\"><label>&#916;<textarea name=\"_wpcf7_ak_hp_textarea\" cols=\"45\" rows=\"8\" maxlength=\"100\"><\/textarea><\/label><input type=\"hidden\" id=\"ak_js_1\" name=\"_wpcf7_ak_js\" value=\"73\"\/><script>document.getElementById( \"ak_js_1\" ).setAttribute( \"value\", ( new Date() ).getTime() );<\/script><\/p><div class=\"wpcf7-response-output\" aria-hidden=\"true\"><\/div>\n<\/form>\n<\/div>\n<\/div>\n\t\t\t\t\t\t<\/div>\n\t\t\t\t<\/div>\n\t\t\t\t\t<\/div>\n\t\t\t\t<\/div>\n\t\t\t\t<\/div>\n\t\t","protected":false},"excerpt":{"rendered":"<p>Coop\u00e9ration avec Senopars Afin d&rsquo;\u00e9largir la cha\u00eene d&rsquo;approvisionnement et d&rsquo;identifier des partenaires et des fournisseurs pour coop\u00e9rer dans la production d&rsquo;engins de construction routi\u00e8re, la soci\u00e9t\u00e9 Senopars a cr\u00e9\u00e9 une banque d&rsquo;informations de fournisseurs. \u00c0 cet \u00e9gard, les entreprises nationales et \u00e9trang\u00e8res fiables et comp\u00e9tentes qui postulent \u00e0 une coop\u00e9ration avec la soci\u00e9t\u00e9 Senopars doivent [&hellip;]<\/p>\n","protected":false},"author":1,"featured_media":0,"parent":0,"menu_order":0,"comment_status":"closed","ping_status":"closed","template":"","meta":{"footnotes":""},"class_list":["post-1272","page","type-page","status-publish","hentry"],"_links":{"self":[{"href":"https:\/\/snowpars.com\/fr\/wp-json\/wp\/v2\/pages\/1272","targetHints":{"allow":["GET"]}}],"collection":[{"href":"https:\/\/snowpars.com\/fr\/wp-json\/wp\/v2\/pages"}],"about":[{"href":"https:\/\/snowpars.com\/fr\/wp-json\/wp\/v2\/types\/page"}],"author":[{"embeddable":true,"href":"https:\/\/snowpars.com\/fr\/wp-json\/wp\/v2\/users\/1"}],"replies":[{"embeddable":true,"href":"https:\/\/snowpars.com\/fr\/wp-json\/wp\/v2\/comments?post=1272"}],"version-history":[{"count":0,"href":"https:\/\/snowpars.com\/fr\/wp-json\/wp\/v2\/pages\/1272\/revisions"}],"wp:attachment":[{"href":"https:\/\/snowpars.com\/fr\/wp-json\/wp\/v2\/media?parent=1272"}],"curies":[{"name":"wp","href":"https:\/\/api.w.org\/{rel}","templated":true}]}}