{"id":514,"date":"2023-08-11T07:22:13","date_gmt":"2023-08-11T03:52:13","guid":{"rendered":"https:\/\/snowpars.com\/a-propos-de-nous\/"},"modified":"2024-08-30T11:06:34","modified_gmt":"2024-08-30T07:36:34","slug":"introduction-of-a-company","status":"publish","type":"page","link":"https:\/\/snowpars.com\/fr\/introduction-of-a-company\/","title":{"rendered":"\u0645\u0639\u0631\u0641\u06cc \u0634\u0631\u06a9\u062a"},"content":{"rendered":"\t\t<div data-elementor-type=\"wp-page\" data-elementor-id=\"514\" class=\"elementor elementor-514 elementor-135\" data-elementor-post-type=\"page\">\n\t\t\t\t<div class=\"elementor-element elementor-element-9f08869 e-flex e-con-boxed e-con e-parent\" data-id=\"9f08869\" data-element_type=\"container\" data-e-type=\"container\">\n\t\t\t\t\t<div class=\"e-con-inner\">\n\t\t\t\t<div class=\"elementor-element elementor-element-fc19056 elementor-widget elementor-widget-image\" data-id=\"fc19056\" data-element_type=\"widget\" data-e-type=\"widget\" data-widget_type=\"image.default\">\n\t\t\t\t<div class=\"elementor-widget-container\">\n\t\t\t\t\t\t\t\t\t\t\t\t\t\t\t<img fetchpriority=\"high\" decoding=\"async\" width=\"1583\" height=\"577\" src=\"https:\/\/snowpars.com\/wp-content\/uploads\/2024\/06\/\u0628\u0627\u0632\u0648.webp\" class=\"attachment-full size-full wp-image-1374\" alt=\"\" srcset=\"https:\/\/snowpars.com\/wp-content\/uploads\/2024\/06\/\u0628\u0627\u0632\u0648.webp 1583w, https:\/\/snowpars.com\/wp-content\/uploads\/2024\/06\/\u0628\u0627\u0632\u0648-300x109.webp 300w, https:\/\/snowpars.com\/wp-content\/uploads\/2024\/06\/\u0628\u0627\u0632\u0648-1024x373.webp 1024w, https:\/\/snowpars.com\/wp-content\/uploads\/2024\/06\/\u0628\u0627\u0632\u0648-768x280.webp 768w, https:\/\/snowpars.com\/wp-content\/uploads\/2024\/06\/\u0628\u0627\u0632\u0648-1536x560.webp 1536w, https:\/\/snowpars.com\/wp-content\/uploads\/2024\/06\/\u0628\u0627\u0632\u0648-600x219.webp 600w\" sizes=\"(max-width: 1583px) 100vw, 1583px\" \/>\t\t\t\t\t\t\t\t\t\t\t\t\t\t\t<\/div>\n\t\t\t\t<\/div>\n\t\t\t\t\t<\/div>\n\t\t\t\t<\/div>\n\t\t<div class=\"elementor-element elementor-element-52b22a4 e-flex e-con-boxed e-con e-parent\" data-id=\"52b22a4\" data-element_type=\"container\" data-e-type=\"container\">\n\t\t\t\t\t<div class=\"e-con-inner\">\n\t\t\t\t<div class=\"elementor-element elementor-element-30f45d2 elementor-widget elementor-widget-heading\" data-id=\"30f45d2\" data-element_type=\"widget\" data-e-type=\"widget\" data-widget_type=\"heading.default\">\n\t\t\t\t<div class=\"elementor-widget-container\">\n\t\t\t\t\t<h2 class=\"elementor-heading-title elementor-size-default\">A\u2019 propos de nous<\/h2>\t\t\t\t<\/div>\n\t\t\t\t<\/div>\n\t\t\t\t<div class=\"elementor-element elementor-element-180244e elementor-widget-divider--view-line elementor-widget elementor-widget-divider\" data-id=\"180244e\" data-element_type=\"widget\" data-e-type=\"widget\" data-widget_type=\"divider.default\">\n\t\t\t\t<div class=\"elementor-widget-container\">\n\t\t\t\t\t\t\t<div class=\"elementor-divider\">\n\t\t\t<span class=\"elementor-divider-separator\">\n\t\t\t\t\t\t<\/span>\n\t\t<\/div>\n\t\t\t\t\t\t<\/div>\n\t\t\t\t<\/div>\n\t\t\t\t<div class=\"elementor-element elementor-element-4a231f8 elementor-widget elementor-widget-text-editor\" data-id=\"4a231f8\" data-element_type=\"widget\" data-e-type=\"widget\" data-widget_type=\"text-editor.default\">\n\t\t\t\t<div class=\"elementor-widget-container\">\n\t\t\t\t\t\t\t\t\t<p class=\"MsoNormal\" style=\"text-align: justify;\"><span lang=\"FR\">SNOW PARS fond\u00e9 par la famille Ahramian en tant que fabricant de chargeurs frontaux en 1977. Au fil des ans, le groupe a entrepris de nombreux projets ambitieux en produisant 16 types de tractopelles et a accumul\u00e9 des comp\u00e9tences, un savoir-faire et des exp\u00e9riences dans les solutions de conception et de production et les travaux d&rsquo;ing\u00e9nierie connexes.<\/span><\/p><p class=\"MsoNormal\" style=\"text-align: justify;\"><span lang=\"FR\">Le site de production de SNOW PARS \u00e0 Yazd, en Iran, s&rsquo;\u00e9tend sur une superficie de 25 000 m\u00b2 et accueille plus de 300 employ\u00e9s au service des d\u00e9partements d&rsquo;ing\u00e9nierie, de recherche et d\u00e9veloppement, de fabrication et de marketing.<\/span><\/p><p class=\"MsoNormal\" style=\"text-align: justify;\"><span lang=\"FR\">SNOW PARS utilise l&rsquo;expertise technique interne pour d\u00e9velopper les tractopelles les plus avanc\u00e9es avec une compr\u00e9hension inn\u00e9e de tous les aspects de la production. Notre objectif est de cr\u00e9er des produits de haute qualit\u00e9 pour le march\u00e9. Nous y parvenons en nous concentrant constamment sur le d\u00e9veloppement et en supervisant tous les domaines du processus de fabrication.<\/span><\/p><p class=\"MsoNormal\" style=\"text-align: justify;\"><span lang=\"FR\">Aujourd&rsquo;hui, SNOW PARS assume le r\u00f4le de principal fabricant de tractopelles modernes et r\u00e9pond aux besoins des clients pour les projets civils \/ de construction. Nous fournissons \u00e9galement des solutions de services et des supports \u00e0 nos clients.<\/span><\/p><p>\u00a0<\/p><p class=\"MsoNormal\" style=\"text-align: justify;\"><span lang=\"FR\">Nous sommes fiers de nos produits, ainsi nos clients peuvent toujours \u00eatre assur\u00e9s que seules les personnes les plus exp\u00e9riment\u00e9es et les plus qualifi\u00e9es les servent<\/span><\/p>\t\t\t\t\t\t\t\t<\/div>\n\t\t\t\t<\/div>\n\t\t\t\t<div class=\"elementor-element elementor-element-100bb76 elementor-align-justify elementor-widget elementor-widget-button\" data-id=\"100bb76\" data-element_type=\"widget\" data-e-type=\"widget\" data-widget_type=\"button.default\">\n\t\t\t\t<div class=\"elementor-widget-container\">\n\t\t\t\t\t\t\t\t\t<div class=\"elementor-button-wrapper\">\n\t\t\t\t\t<a class=\"elementor-button elementor-button-link elementor-size-sm\" href=\"https:\/\/snowpars.com\/fr\/contact-us\/\">\n\t\t\t\t\t\t<span class=\"elementor-button-content-wrapper\">\n\t\t\t\t\t\t\t\t\t<span class=\"elementor-button-text\">Connectez-Vous<\/span>\n\t\t\t\t\t<\/span>\n\t\t\t\t\t<\/a>\n\t\t\t\t<\/div>\n\t\t\t\t\t\t\t\t<\/div>\n\t\t\t\t<\/div>\n\t\t\t\t\t<\/div>\n\t\t\t\t<\/div>\n\t\t\t\t<\/div>\n\t\t","protected":false},"excerpt":{"rendered":"<p>A\u2019 propos de nous SNOW PARS fond\u00e9 par la famille Ahramian en tant que fabricant de chargeurs frontaux en 1977. Au fil des ans, le groupe a entrepris de nombreux projets ambitieux en produisant 16 types de tractopelles et a accumul\u00e9 des comp\u00e9tences, un savoir-faire et des exp\u00e9riences dans les solutions de conception et de [&hellip;]<\/p>\n","protected":false},"author":1,"featured_media":0,"parent":0,"menu_order":0,"comment_status":"closed","ping_status":"closed","template":"","meta":{"footnotes":""},"class_list":["post-514","page","type-page","status-publish","hentry"],"_links":{"self":[{"href":"https:\/\/snowpars.com\/fr\/wp-json\/wp\/v2\/pages\/514","targetHints":{"allow":["GET"]}}],"collection":[{"href":"https:\/\/snowpars.com\/fr\/wp-json\/wp\/v2\/pages"}],"about":[{"href":"https:\/\/snowpars.com\/fr\/wp-json\/wp\/v2\/types\/page"}],"author":[{"embeddable":true,"href":"https:\/\/snowpars.com\/fr\/wp-json\/wp\/v2\/users\/1"}],"replies":[{"embeddable":true,"href":"https:\/\/snowpars.com\/fr\/wp-json\/wp\/v2\/comments?post=514"}],"version-history":[{"count":0,"href":"https:\/\/snowpars.com\/fr\/wp-json\/wp\/v2\/pages\/514\/revisions"}],"wp:attachment":[{"href":"https:\/\/snowpars.com\/fr\/wp-json\/wp\/v2\/media?parent=514"}],"curies":[{"name":"wp","href":"https:\/\/api.w.org\/{rel}","templated":true}]}}