{"id":7524,"date":"2024-07-15T12:06:06","date_gmt":"2024-07-15T08:36:06","guid":{"rendered":"https:\/\/snowpars.com\/?page_id=7524"},"modified":"2024-08-30T11:39:52","modified_gmt":"2024-08-30T08:09:52","slug":"strategy","status":"publish","type":"page","link":"https:\/\/snowpars.com\/fr\/strategy\/","title":{"rendered":"\u0627\u0633\u062a\u0631\u0627\u062a\u0698\u06cc"},"content":{"rendered":"\t\t<div data-elementor-type=\"wp-page\" data-elementor-id=\"7524\" class=\"elementor elementor-7524 elementor-5935\" data-elementor-post-type=\"page\">\n\t\t\t\t<div class=\"elementor-element elementor-element-69b38d6 e-flex e-con-boxed e-con e-parent\" data-id=\"69b38d6\" data-element_type=\"container\" data-e-type=\"container\">\n\t\t\t\t\t<div class=\"e-con-inner\">\n\t\t\t\t<div class=\"elementor-element elementor-element-11e00eb elementor-widget elementor-widget-heading\" data-id=\"11e00eb\" data-element_type=\"widget\" data-e-type=\"widget\" data-widget_type=\"heading.default\">\n\t\t\t\t<div class=\"elementor-widget-container\">\n\t\t\t\t\t<h2 class=\"elementor-heading-title elementor-size-default\">Strat\u00e9gie<\/h2>\t\t\t\t<\/div>\n\t\t\t\t<\/div>\n\t\t\t\t<div class=\"elementor-element elementor-element-8e81fbe elementor-widget-divider--view-line elementor-widget elementor-widget-divider\" data-id=\"8e81fbe\" data-element_type=\"widget\" data-e-type=\"widget\" data-widget_type=\"divider.default\">\n\t\t\t\t<div class=\"elementor-widget-container\">\n\t\t\t\t\t\t\t<div class=\"elementor-divider\">\n\t\t\t<span class=\"elementor-divider-separator\">\n\t\t\t\t\t\t<\/span>\n\t\t<\/div>\n\t\t\t\t\t\t<\/div>\n\t\t\t\t<\/div>\n\t\t\t\t<div class=\"elementor-element elementor-element-acd9326 elementor-widget elementor-widget-image\" data-id=\"acd9326\" data-element_type=\"widget\" data-e-type=\"widget\" data-widget_type=\"image.default\">\n\t\t\t\t<div class=\"elementor-widget-container\">\n\t\t\t\t\t\t\t\t\t\t\t\t\t\t\t<img decoding=\"async\" src=\"https:\/\/snowpars.com\/wp-content\/uploads\/elementor\/thumbs\/\u0628\u0646\u0631-\u0627\u0633\u062a\u0631\u0627\u062a\u0698\u06cc-r7hhugwszyyb8tgdkijwj9nqnth30ujt9dl8wmuw80.webp\" title=\"\u0628\u0646\u0631 \u0627\u0633\u062a\u0631\u0627\u062a\u0698\u06cc\" alt=\"\u0628\u0646\u0631 \u0627\u0633\u062a\u0631\u0627\u062a\u0698\u06cc\" loading=\"lazy\" \/>\t\t\t\t\t\t\t\t\t\t\t\t\t\t\t<\/div>\n\t\t\t\t<\/div>\n\t\t\t\t<div class=\"elementor-element elementor-element-ac18511 elementor-widget elementor-widget-text-editor\" data-id=\"ac18511\" data-element_type=\"widget\" data-e-type=\"widget\" data-widget_type=\"text-editor.default\">\n\t\t\t\t<div class=\"elementor-widget-container\">\n\t\t\t\t\t\t\t\t\t<p>La strat\u00e9gie de SNOW PARS refl\u00e8te notre h\u00e9ritage et notre engagement continu \u00e0 r\u00e9pondre aux besoins de nos clients et de la soci\u00e9t\u00e9 dans laquelle nous vivons.<\/p><p>Compte tenu des valeurs de notre organisation, les personnels de SNOW PARS fournissent la pierre angulaire de l&rsquo;entreprise avec une gamme de fonctions et de services, partageant ainsi des options strat\u00e9giques de croissance et de rentabilit\u00e9 aujourd&rsquo;hui et demain. Nos solutions sont entre vos mains pour construire un monde meilleur.<\/p>\t\t\t\t\t\t\t\t<\/div>\n\t\t\t\t<\/div>\n\t\t\t\t\t<\/div>\n\t\t\t\t<\/div>\n\t\t\t\t<\/div>\n\t\t","protected":false},"excerpt":{"rendered":"<p>Strat\u00e9gie La strat\u00e9gie de SNOW PARS refl\u00e8te notre h\u00e9ritage et notre engagement continu \u00e0 r\u00e9pondre aux besoins de nos clients et de la soci\u00e9t\u00e9 dans laquelle nous vivons. Compte tenu des valeurs de notre organisation, les personnels de SNOW PARS fournissent la pierre angulaire de l&rsquo;entreprise avec une gamme de fonctions et de services, partageant [&hellip;]<\/p>\n","protected":false},"author":1,"featured_media":0,"parent":0,"menu_order":0,"comment_status":"closed","ping_status":"closed","template":"","meta":{"footnotes":""},"class_list":["post-7524","page","type-page","status-publish","hentry"],"_links":{"self":[{"href":"https:\/\/snowpars.com\/fr\/wp-json\/wp\/v2\/pages\/7524","targetHints":{"allow":["GET"]}}],"collection":[{"href":"https:\/\/snowpars.com\/fr\/wp-json\/wp\/v2\/pages"}],"about":[{"href":"https:\/\/snowpars.com\/fr\/wp-json\/wp\/v2\/types\/page"}],"author":[{"embeddable":true,"href":"https:\/\/snowpars.com\/fr\/wp-json\/wp\/v2\/users\/1"}],"replies":[{"embeddable":true,"href":"https:\/\/snowpars.com\/fr\/wp-json\/wp\/v2\/comments?post=7524"}],"version-history":[{"count":0,"href":"https:\/\/snowpars.com\/fr\/wp-json\/wp\/v2\/pages\/7524\/revisions"}],"wp:attachment":[{"href":"https:\/\/snowpars.com\/fr\/wp-json\/wp\/v2\/media?parent=7524"}],"curies":[{"name":"wp","href":"https:\/\/api.w.org\/{rel}","templated":true}]}}