{"id":7527,"date":"2024-06-09T20:17:34","date_gmt":"2024-06-09T16:47:34","guid":{"rendered":"https:\/\/snowpars.com\/?page_id=7527"},"modified":"2024-08-30T18:25:44","modified_gmt":"2024-08-30T14:55:44","slug":"recruitment-of-manpower","status":"publish","type":"page","link":"https:\/\/snowpars.com\/fr\/recruitment-of-manpower\/","title":{"rendered":"\u062c\u0630\u0628 \u0646\u06cc\u0631\u0648\u06cc \u0627\u0646\u0633\u0627\u0646\u06cc"},"content":{"rendered":"\t\t<div data-elementor-type=\"wp-page\" data-elementor-id=\"7527\" class=\"elementor elementor-7527 elementor-1268\" data-elementor-post-type=\"page\">\n\t\t\t\t<div class=\"elementor-element elementor-element-ca2681f e-flex e-con-boxed e-con e-parent\" data-id=\"ca2681f\" data-element_type=\"container\" data-e-type=\"container\" data-settings=\"{&quot;background_background&quot;:&quot;classic&quot;}\">\n\t\t\t\t\t<div class=\"e-con-inner\">\n\t\t\t\t\t<\/div>\n\t\t\t\t<\/div>\n\t\t<div class=\"elementor-element elementor-element-6d21124 e-flex e-con-boxed e-con e-parent\" data-id=\"6d21124\" data-element_type=\"container\" data-e-type=\"container\">\n\t\t\t\t\t<div class=\"e-con-inner\">\n\t\t\t\t<div class=\"elementor-element elementor-element-385270f elementor-widget elementor-widget-heading\" data-id=\"385270f\" data-element_type=\"widget\" data-e-type=\"widget\" data-widget_type=\"heading.default\">\n\t\t\t\t<div class=\"elementor-widget-container\">\n\t\t\t\t\t<h2 class=\"elementor-heading-title elementor-size-default\">Recrutement \u00e0 Snow Pars<\/h2>\t\t\t\t<\/div>\n\t\t\t\t<\/div>\n\t\t\t\t<div class=\"elementor-element elementor-element-1ee8a36 elementor-widget-divider--view-line elementor-widget elementor-widget-divider\" data-id=\"1ee8a36\" data-element_type=\"widget\" data-e-type=\"widget\" data-widget_type=\"divider.default\">\n\t\t\t\t<div class=\"elementor-widget-container\">\n\t\t\t\t\t\t\t<div class=\"elementor-divider\">\n\t\t\t<span class=\"elementor-divider-separator\">\n\t\t\t\t\t\t<\/span>\n\t\t<\/div>\n\t\t\t\t\t\t<\/div>\n\t\t\t\t<\/div>\n\t\t\t\t<div class=\"elementor-element elementor-element-2a29e7b elementor-widget elementor-widget-text-editor\" data-id=\"2a29e7b\" data-element_type=\"widget\" data-e-type=\"widget\" data-widget_type=\"text-editor.default\">\n\t\t\t\t<div class=\"elementor-widget-container\">\n\t\t\t\t\t\t\t\t\t<p class=\"MsoNormal\" style=\"text-align: justify;\"><span lang=\"FR\">L&rsquo;objectif principal et ant\u00e9rieur de SNOW PARS dans le processus de recrutement est de trouver les personnes les plus qualifi\u00e9es pour rejoindre la famille SNOW PARS. Dans notre plan de recrutement, vous pouvez postuler au processus de recrutement de main-d&rsquo;\u0153uvre en remplissant le formulaire d&rsquo;inscription et en t\u00e9l\u00e9chargeant votre fichier de CV.<\/span><\/p><p class=\"MsoNormal\"><span lang=\"FR\">Les principales politiques de gestion des ressources humaines de SNOW PARS sont:<\/span><\/p><p class=\"MsoNormal\" style=\"text-align: justify;\"><span lang=\"FR\">-Encourager l&rsquo;engagement des employ\u00e9s pour augmenter leurs performances et aussi \u00eatre fid\u00e8les \u00e0 l&rsquo;organisation dans son ensemble.<\/span><\/p><p class=\"MsoNormal\" style=\"text-align: justify;\"><span lang=\"FR\">-L&rsquo;accent mis sur la qualit\u00e9 des employ\u00e9s engag\u00e9s dans des organisations contribue grandement \u00e0 la production de biens et de services de qualit\u00e9, ce qui est d&rsquo;un grand avantage tant pour les clients que pour l&rsquo;organisation.<\/span><\/p><p class=\"MsoNormal\" style=\"text-align: justify;\"><span lang=\"FR\">-Assurer que la flexibilit\u00e9 joue un r\u00f4le important dans l&rsquo;organisation des employ\u00e9s, ce qui les rend adaptatifs et r\u00e9ceptifs \u00e0 toutes les formes de changements dans tous les aspects de leur travail tels que les heures de travail; les m\u00e9thodes de travail.<\/span><\/p><p>\u00a0<\/p><p class=\"MsoNormal\" style=\"text-align: justify;\"><span lang=\"FR\">-Int\u00e9grer les objectifs organisationnels dans la planification strat\u00e9gique afin de faire en sorte que ces politiques traversent les rangs et les fichiers de l&rsquo;organisation et de s&rsquo;assurer qu&rsquo;elles sont accept\u00e9es et mises en \u0153uvre avec plaisir au quotidien par les sup\u00e9rieurs hi\u00e9rarchiques.<\/span><\/p>\t\t\t\t\t\t\t\t<\/div>\n\t\t\t\t<\/div>\n\t\t\t\t\t<\/div>\n\t\t\t\t<\/div>\n\t\t<div class=\"elementor-element elementor-element-9bc1c01 e-flex e-con-boxed e-con e-parent\" data-id=\"9bc1c01\" data-element_type=\"container\" data-e-type=\"container\">\n\t\t\t\t\t<div class=\"e-con-inner\">\n\t\t\t\t<div class=\"elementor-element elementor-element-e055e81 other-lang-forms elementor-widget elementor-widget-shortcode\" data-id=\"e055e81\" data-element_type=\"widget\" data-e-type=\"widget\" data-widget_type=\"shortcode.default\">\n\t\t\t\t<div class=\"elementor-widget-container\">\n\t\t\t\t\t\t\t<div class=\"elementor-shortcode\">\n<div class=\"wpcf7 no-js\" id=\"wpcf7-f8135-o1\" lang=\"fa-IR\" dir=\"rtl\" data-wpcf7-id=\"8135\">\n<div class=\"screen-reader-response\"><p role=\"status\" aria-live=\"polite\" aria-atomic=\"true\"><\/p> <ul><\/ul><\/div>\n<form action=\"\/fr\/wp-json\/wp\/v2\/pages\/7527#wpcf7-f8135-o1\" method=\"post\" class=\"wpcf7-form init\" aria-label=\"\u0641\u0631\u0645 \u062a\u0645\u0627\u0633\" enctype=\"multipart\/form-data\" novalidate=\"novalidate\" data-status=\"init\">\n<fieldset class=\"hidden-fields-container\"><input type=\"hidden\" name=\"_wpcf7\" value=\"8135\" \/><input type=\"hidden\" name=\"_wpcf7_version\" value=\"6.1.5\" \/><input type=\"hidden\" name=\"_wpcf7_locale\" value=\"fa_IR\" \/><input type=\"hidden\" name=\"_wpcf7_unit_tag\" value=\"wpcf7-f8135-o1\" \/><input type=\"hidden\" name=\"_wpcf7_container_post\" value=\"0\" \/><input type=\"hidden\" name=\"_wpcf7_posted_data_hash\" value=\"\" \/><input type=\"hidden\" name=\"_wpcf7_recaptcha_response\" value=\"\" \/>\n<\/fieldset>\n<p><label> ton nom<\/label><br \/>\n<span class=\"wpcf7-form-control-wrap\" data-name=\"first-name\"><input size=\"40\" maxlength=\"400\" class=\"wpcf7-form-control wpcf7-text wpcf7-validates-as-required first-name\" autocomplete=\"first-name\" aria-required=\"true\" aria-invalid=\"false\" value=\"\" type=\"text\" name=\"first-name\" \/><\/span>\n<\/p>\n<p><label> ton nom de famille<\/label><br \/>\n<span class=\"wpcf7-form-control-wrap\" data-name=\"last-name\"><input size=\"40\" maxlength=\"400\" class=\"wpcf7-form-control wpcf7-text wpcf7-validates-as-required last-name\" aria-required=\"true\" aria-invalid=\"false\" value=\"\" type=\"text\" name=\"last-name\" \/><\/span>\n<\/p>\n<p><label> Num\u00e9ro de contact<\/label><br \/>\n<span class=\"wpcf7-form-control-wrap\" data-name=\"telephone\"><input size=\"40\" maxlength=\"400\" class=\"wpcf7-form-control wpcf7-tel wpcf7-validates-as-required wpcf7-text wpcf7-validates-as-tel telephone\" aria-required=\"true\" aria-invalid=\"false\" value=\"\" type=\"tel\" name=\"telephone\" \/><\/span>\n<\/p>\n<p><label> votre email<\/label><br \/>\n<span class=\"wpcf7-form-control-wrap\" data-name=\"your-email\"><input size=\"40\" maxlength=\"400\" class=\"wpcf7-form-control wpcf7-email wpcf7-validates-as-required wpcf7-text wpcf7-validates-as-email\" autocomplete=\"email\" aria-required=\"true\" aria-invalid=\"false\" value=\"\" type=\"email\" name=\"your-email\" \/><\/span>\n<\/p>\n<p><label> votre CV(pdf, docx, txt)<\/label><br \/>\n<span class=\"wpcf7-form-control-wrap\" data-name=\"resume\"><input size=\"40\" class=\"wpcf7-form-control wpcf7-file resume\" accept=\".pdf,.docx,.txt\" aria-invalid=\"false\" type=\"file\" name=\"resume\" \/><\/span>\n<\/p>\n<p><label> Description (facultatif)<\/label><br \/>\n<span class=\"wpcf7-form-control-wrap\" data-name=\"your-message\"><textarea cols=\"40\" rows=\"10\" maxlength=\"2000\" class=\"wpcf7-form-control wpcf7-textarea\" aria-invalid=\"false\" name=\"your-message\"><\/textarea><\/span>\n<\/p>\n<p><input class=\"wpcf7-form-control wpcf7-submit has-spinner\" type=\"submit\" value=\"inscription\" \/>\n<\/p><p style=\"display: none !important;\" class=\"akismet-fields-container\" data-prefix=\"_wpcf7_ak_\"><label>&#916;<textarea name=\"_wpcf7_ak_hp_textarea\" cols=\"45\" rows=\"8\" maxlength=\"100\"><\/textarea><\/label><input type=\"hidden\" id=\"ak_js_1\" name=\"_wpcf7_ak_js\" value=\"223\"\/><script>document.getElementById( \"ak_js_1\" ).setAttribute( \"value\", ( new Date() ).getTime() );<\/script><\/p><div class=\"wpcf7-response-output\" aria-hidden=\"true\"><\/div>\n<\/form>\n<\/div>\n<\/div>\n\t\t\t\t\t\t<\/div>\n\t\t\t\t<\/div>\n\t\t\t\t\t<\/div>\n\t\t\t\t<\/div>\n\t\t\t\t<\/div>\n\t\t","protected":false},"excerpt":{"rendered":"<p>Recrutement \u00e0 Snow Pars L&rsquo;objectif principal et ant\u00e9rieur de SNOW PARS dans le processus de recrutement est de trouver les personnes les plus qualifi\u00e9es pour rejoindre la famille SNOW PARS. Dans notre plan de recrutement, vous pouvez postuler au processus de recrutement de main-d&rsquo;\u0153uvre en remplissant le formulaire d&rsquo;inscription et en t\u00e9l\u00e9chargeant votre fichier de [&hellip;]<\/p>\n","protected":false},"author":1,"featured_media":0,"parent":0,"menu_order":0,"comment_status":"closed","ping_status":"closed","template":"","meta":{"footnotes":""},"class_list":["post-7527","page","type-page","status-publish","hentry"],"_links":{"self":[{"href":"https:\/\/snowpars.com\/fr\/wp-json\/wp\/v2\/pages\/7527","targetHints":{"allow":["GET"]}}],"collection":[{"href":"https:\/\/snowpars.com\/fr\/wp-json\/wp\/v2\/pages"}],"about":[{"href":"https:\/\/snowpars.com\/fr\/wp-json\/wp\/v2\/types\/page"}],"author":[{"embeddable":true,"href":"https:\/\/snowpars.com\/fr\/wp-json\/wp\/v2\/users\/1"}],"replies":[{"embeddable":true,"href":"https:\/\/snowpars.com\/fr\/wp-json\/wp\/v2\/comments?post=7527"}],"version-history":[{"count":0,"href":"https:\/\/snowpars.com\/fr\/wp-json\/wp\/v2\/pages\/7527\/revisions"}],"wp:attachment":[{"href":"https:\/\/snowpars.com\/fr\/wp-json\/wp\/v2\/media?parent=7527"}],"curies":[{"name":"wp","href":"https:\/\/api.w.org\/{rel}","templated":true}]}}