{"id":2111,"date":"2023-08-11T07:22:13","date_gmt":"2023-08-11T03:52:13","guid":{"rendered":"https:\/\/snowpars.com\/bir-sirketin-tanitimi\/"},"modified":"2024-08-06T22:34:40","modified_gmt":"2024-08-06T19:04:40","slug":"introduction-of-a-company","status":"publish","type":"page","link":"https:\/\/snowpars.com\/tr\/introduction-of-a-company\/","title":{"rendered":"\u0645\u0639\u0631\u0641\u06cc \u0634\u0631\u06a9\u062a"},"content":{"rendered":"\t\t<div data-elementor-type=\"wp-page\" data-elementor-id=\"2111\" class=\"elementor elementor-2111 elementor-135\" data-elementor-post-type=\"page\">\n\t\t\t\t<div class=\"elementor-element elementor-element-52b22a4 e-flex e-con-boxed e-con e-parent\" data-id=\"52b22a4\" data-element_type=\"container\" data-e-type=\"container\">\n\t\t\t\t\t<div class=\"e-con-inner\">\n\t\t\t\t<div class=\"elementor-element elementor-element-fc19056 elementor-widget elementor-widget-image\" data-id=\"fc19056\" data-element_type=\"widget\" data-e-type=\"widget\" data-widget_type=\"image.default\">\n\t\t\t\t<div class=\"elementor-widget-container\">\n\t\t\t\t\t\t\t\t\t\t\t\t\t\t\t<img fetchpriority=\"high\" decoding=\"async\" width=\"1583\" height=\"577\" src=\"https:\/\/snowpars.com\/wp-content\/uploads\/2024\/06\/\u0628\u0627\u0632\u0648.webp\" class=\"attachment-full size-full wp-image-1376\" alt=\"\" srcset=\"https:\/\/snowpars.com\/wp-content\/uploads\/2024\/06\/\u0628\u0627\u0632\u0648.webp 1583w, https:\/\/snowpars.com\/wp-content\/uploads\/2024\/06\/\u0628\u0627\u0632\u0648-300x109.webp 300w, https:\/\/snowpars.com\/wp-content\/uploads\/2024\/06\/\u0628\u0627\u0632\u0648-1024x373.webp 1024w, https:\/\/snowpars.com\/wp-content\/uploads\/2024\/06\/\u0628\u0627\u0632\u0648-768x280.webp 768w, https:\/\/snowpars.com\/wp-content\/uploads\/2024\/06\/\u0628\u0627\u0632\u0648-1536x560.webp 1536w, https:\/\/snowpars.com\/wp-content\/uploads\/2024\/06\/\u0628\u0627\u0632\u0648-600x219.webp 600w\" sizes=\"(max-width: 1583px) 100vw, 1583px\" \/>\t\t\t\t\t\t\t\t\t\t\t\t\t\t\t<\/div>\n\t\t\t\t<\/div>\n\t\t\t\t<div class=\"elementor-element elementor-element-30f45d2 elementor-widget elementor-widget-heading\" data-id=\"30f45d2\" data-element_type=\"widget\" data-e-type=\"widget\" data-widget_type=\"heading.default\">\n\t\t\t\t<div class=\"elementor-widget-container\">\n\t\t\t\t\t<h2 class=\"elementor-heading-title elementor-size-default\">bir \u015firketin tan\u0131t\u0131m\u0131<\/h2>\t\t\t\t<\/div>\n\t\t\t\t<\/div>\n\t\t\t\t<div class=\"elementor-element elementor-element-180244e elementor-widget-divider--view-line elementor-widget elementor-widget-divider\" data-id=\"180244e\" data-element_type=\"widget\" data-e-type=\"widget\" data-widget_type=\"divider.default\">\n\t\t\t\t<div class=\"elementor-widget-container\">\n\t\t\t\t\t\t\t<div class=\"elementor-divider\">\n\t\t\t<span class=\"elementor-divider-separator\">\n\t\t\t\t\t\t<\/span>\n\t\t<\/div>\n\t\t\t\t\t\t<\/div>\n\t\t\t\t<\/div>\n\t\t\t\t<div class=\"elementor-element elementor-element-4a231f8 elementor-widget elementor-widget-text-editor\" data-id=\"4a231f8\" data-element_type=\"widget\" data-e-type=\"widget\" data-widget_type=\"text-editor.default\">\n\t\t\t\t<div class=\"elementor-widget-container\">\n\t\t\t\t\t\t\t\t\t<p>\u0130ran ve Orta Do\u011fu&#8217;da backloader \u00fcretimi alan\u0131nda lider olan Danesh Banyan Senopars \u015eirketi (\u00f6zel anonim \u015firket), kurucusu Say\u0131n Seyed Ali Ahramian taraf\u0131ndan 1356 y\u0131l\u0131nda Tahran \u015eirketler Sicil Dairesi&#8217;ne tescil edilmi\u015ftir. \u015eirketin ilk \u00fcretimi Tahran&#8217;daki bir at\u00f6lyede \u00fcretilen bir \u00f6n y\u00fckleyiciydi. 1367 y\u0131l\u0131nda Yezd vilayeti Taft \u015fehrinde 25.000 metrekarelik arazi \u00fczerine \u00fcretim fabrikas\u0131 kurulmu\u015f ve 1373 y\u0131l\u0131nda ilk bekolu y\u00fckleyici bu fabrikada \u00fcretilmi\u015ftir.<br \/>Danesh Banyan Senopars, bug\u00fcne kadar 19 model kaz\u0131c\u0131 y\u00fckleyici tasarlay\u0131p \u00fcreterek ve \u0130ran pazar\u0131na tedarik ederek \u0130ran&#8217;\u0131n en b\u00fcy\u00fck ve en uzmanla\u015fm\u0131\u015f kaz\u0131c\u0131 y\u00fckleyici \u00fcreticisi olmu\u015f ve in\u015faat makineleri \u00fcretimi ve in\u015faat\u0131 alan\u0131nda \u00f6nemli bir katk\u0131 sa\u011flam\u0131\u015ft\u0131r. hizmet.<br \/>\u00dclkenin 31 ilinde faaliyet g\u00f6steren Senopars firmas\u0131n\u0131n \u00fcretti\u011fi kaz\u0131c\u0131 y\u00fckleyicilerin servis ve deste\u011fi, sat\u0131\u015f sonras\u0131 hizmet birimi ve yedek par\u00e7a tedarik birimi taraf\u0131ndan sa\u011flanmakta olup, m\u00fc\u015fterilere kaz\u0131c\u0131 y\u00fckleyici sat\u0131n alma g\u00fcvencesini, Senopars anla\u015fman\u0131n sonu de\u011fil, \u00fclkemizin refah\u0131na y\u00f6nelik bir i\u015fbirli\u011finin ba\u015flang\u0131c\u0131d\u0131r.<\/p>\t\t\t\t\t\t\t\t<\/div>\n\t\t\t\t<\/div>\n\t\t\t\t<div class=\"elementor-element elementor-element-100bb76 elementor-align-justify elementor-widget elementor-widget-button\" data-id=\"100bb76\" data-element_type=\"widget\" data-e-type=\"widget\" data-widget_type=\"button.default\">\n\t\t\t\t<div class=\"elementor-widget-container\">\n\t\t\t\t\t\t\t\t\t<div class=\"elementor-button-wrapper\">\n\t\t\t\t\t<a class=\"elementor-button elementor-button-link elementor-size-sm\" href=\"https:\/\/snowpars.com\/tr\/contact-us\/\">\n\t\t\t\t\t\t<span class=\"elementor-button-content-wrapper\">\n\t\t\t\t\t\t\t\t\t<span class=\"elementor-button-text\">bize Ula\u015f\u0131n<\/span>\n\t\t\t\t\t<\/span>\n\t\t\t\t\t<\/a>\n\t\t\t\t<\/div>\n\t\t\t\t\t\t\t\t<\/div>\n\t\t\t\t<\/div>\n\t\t\t\t\t<\/div>\n\t\t\t\t<\/div>\n\t\t\t\t<\/div>\n\t\t","protected":false},"excerpt":{"rendered":"<p>bir \u015firketin tan\u0131t\u0131m\u0131 \u0130ran ve Orta Do\u011fu&#8217;da backloader \u00fcretimi alan\u0131nda lider olan Danesh Banyan Senopars \u015eirketi (\u00f6zel anonim \u015firket), kurucusu Say\u0131n Seyed Ali Ahramian taraf\u0131ndan 1356 y\u0131l\u0131nda Tahran \u015eirketler Sicil Dairesi&#8217;ne tescil edilmi\u015ftir. \u015eirketin ilk \u00fcretimi Tahran&#8217;daki bir at\u00f6lyede \u00fcretilen bir \u00f6n y\u00fckleyiciydi. 1367 y\u0131l\u0131nda Yezd vilayeti Taft \u015fehrinde 25.000 metrekarelik arazi \u00fczerine \u00fcretim fabrikas\u0131 [&hellip;]<\/p>\n","protected":false},"author":1,"featured_media":0,"parent":0,"menu_order":0,"comment_status":"closed","ping_status":"closed","template":"","meta":{"footnotes":""},"class_list":["post-2111","page","type-page","status-publish","hentry"],"_links":{"self":[{"href":"https:\/\/snowpars.com\/tr\/wp-json\/wp\/v2\/pages\/2111","targetHints":{"allow":["GET"]}}],"collection":[{"href":"https:\/\/snowpars.com\/tr\/wp-json\/wp\/v2\/pages"}],"about":[{"href":"https:\/\/snowpars.com\/tr\/wp-json\/wp\/v2\/types\/page"}],"author":[{"embeddable":true,"href":"https:\/\/snowpars.com\/tr\/wp-json\/wp\/v2\/users\/1"}],"replies":[{"embeddable":true,"href":"https:\/\/snowpars.com\/tr\/wp-json\/wp\/v2\/comments?post=2111"}],"version-history":[{"count":0,"href":"https:\/\/snowpars.com\/tr\/wp-json\/wp\/v2\/pages\/2111\/revisions"}],"wp:attachment":[{"href":"https:\/\/snowpars.com\/tr\/wp-json\/wp\/v2\/media?parent=2111"}],"curies":[{"name":"wp","href":"https:\/\/api.w.org\/{rel}","templated":true}]}}