{"id":3046,"date":"2024-06-18T10:08:51","date_gmt":"2024-06-18T06:38:51","guid":{"rendered":"https:\/\/snowpars.com\/crm-birimi\/"},"modified":"2024-08-30T18:14:50","modified_gmt":"2024-08-30T14:44:50","slug":"crm-unit","status":"publish","type":"page","link":"https:\/\/snowpars.com\/tr\/crm-unit\/","title":{"rendered":"\u0648\u0627\u062d\u062f CRM"},"content":{"rendered":"\t\t<div data-elementor-type=\"wp-page\" data-elementor-id=\"3046\" class=\"elementor elementor-3046 elementor-2321\" data-elementor-post-type=\"page\">\n\t\t\t\t<div class=\"elementor-element elementor-element-9cf4312 e-con-full e-flex e-con e-parent\" data-id=\"9cf4312\" data-element_type=\"container\" data-e-type=\"container\" data-settings=\"{&quot;background_background&quot;:&quot;classic&quot;}\">\n\t\t\t\t<\/div>\n\t\t<div class=\"elementor-element elementor-element-e9b8882 e-flex e-con-boxed e-con e-parent\" data-id=\"e9b8882\" data-element_type=\"container\" data-e-type=\"container\">\n\t\t\t\t\t<div class=\"e-con-inner\">\n\t\t\t\t<div class=\"elementor-element elementor-element-5acf4ab elementor-widget elementor-widget-heading\" data-id=\"5acf4ab\" data-element_type=\"widget\" data-e-type=\"widget\" data-widget_type=\"heading.default\">\n\t\t\t\t<div class=\"elementor-widget-container\">\n\t\t\t\t\t<h2 class=\"elementor-heading-title elementor-size-default\">CRM birimi<\/h2>\t\t\t\t<\/div>\n\t\t\t\t<\/div>\n\t\t\t\t<div class=\"elementor-element elementor-element-a5dc751 elementor-widget-divider--view-line elementor-widget elementor-widget-divider\" data-id=\"a5dc751\" data-element_type=\"widget\" data-e-type=\"widget\" data-widget_type=\"divider.default\">\n\t\t\t\t<div class=\"elementor-widget-container\">\n\t\t\t\t\t\t\t<div class=\"elementor-divider\">\n\t\t\t<span class=\"elementor-divider-separator\">\n\t\t\t\t\t\t<\/span>\n\t\t<\/div>\n\t\t\t\t\t\t<\/div>\n\t\t\t\t<\/div>\n\t\t\t\t<div class=\"elementor-element elementor-element-eb6f280 elementor-widget elementor-widget-text-editor\" data-id=\"eb6f280\" data-element_type=\"widget\" data-e-type=\"widget\" data-widget_type=\"text-editor.default\">\n\t\t\t\t<div class=\"elementor-widget-container\">\n\t\t\t\t\t\t\t\t\t<p>Snowpars, uzun vadeli hedeflerini belirlemek ve belirlemek amac\u0131yla m\u00fc\u015fteri ili\u015fkileri y\u00f6netimi birimi (CRM) olu\u015fturmu\u015ftur. CRM&#8217;in misyonu, m\u00fc\u015fterilerle kar\u015f\u0131l\u0131kl\u0131 etkile\u015fimi art\u0131rarak, onlara y\u00f6nelik hizmetleri geli\u015ftirerek, onlar\u0131n Snowpars \u00fcr\u00fcn ve hizmetlerine ili\u015fkin fikir ve g\u00f6r\u00fc\u015flerini, do\u011fruluk ve a\u00e7\u0131kl\u0131kla, m\u00fc\u015fterilerin kullan\u0131mdan edindi\u011fi ve edindi\u011fi deneyimlere g\u00f6re \u00f6\u011frenmektir. Firman\u0131n \u00fcr\u00fcnlerinden faydalan\u0131n, dikkat edin ve aksiyon al\u0131n. Bu i\u015fbirli\u011fi ve i\u015fbirli\u011fi Snowpars firmas\u0131n\u0131n m\u00fc\u015fterilerinin ihtiya\u00e7lar\u0131n\u0131 kar\u015f\u0131lamas\u0131na ve memnuniyetlerini art\u0131rmas\u0131na yard\u0131mc\u0131 olmaktad\u0131r.<\/p><p><span style=\"color: #292929;\">CRM birim stratejisi, ili\u015fkilerin geli\u015ftirilmesini vurgulayan ve m\u00fc\u015fterileri \u00e7ekmek, elde tutmak ve onlara hizmet etmek i\u00e7in tasarlanm\u0131\u015f s\u00fcre\u00e7leri kullanan m\u00fc\u015fteri odakl\u0131 bir i\u015f stratejisidir. CRM&#8217;in hedefleri aras\u0131nda f\u0131rsatlar\u0131 belirlemek ve m\u00fc\u015fteri sorunlar\u0131n\u0131 azaltmak, m\u00fc\u015fteriler i\u00e7in olumlu bir imaj olu\u015fturmak ve geli\u015ftirmek i\u00e7in m\u00fc\u015fteri sadakati yaratmak ve maliyetleri azaltmak yer al\u0131r.<br \/><br \/><\/span><span style=\"color: #292929;\">M\u00fc\u015fteri \u015fik\u00e2yetleriyle ilgilenme mekanizmas\u0131, her soruna y\u00f6nelik d\u00fczeltici veya \u00f6nleyici tedbirlerin an\u0131nda uygulanmas\u0131n\u0131 sa\u011flayacak \u015fekilde kurulmu\u015ftur. Bu sistemin ba\u015far\u0131s\u0131 s\u00fcrekli izleme ve g\u00f6zden ge\u00e7irmeyi gerektirir; Bu nedenle \u015fikayetlerin proaktif olarak ele al\u0131nmas\u0131 gerekir. Ayr\u0131ca zaman y\u00f6netimi, do\u011fru \u00e7\u00f6z\u00fcm ve do\u011fru bak\u0131m gibi fakt\u00f6rlerle de m\u00fc\u015fteri memnuniyetini art\u0131rmay\u0131 ba\u015fard\u0131k.<\/span><span style=\"color: #292929;\"><br \/><\/span><\/p>\t\t\t\t\t\t\t\t<\/div>\n\t\t\t\t<\/div>\n\t\t\t\t<div class=\"elementor-element elementor-element-51858ad elementor-widget elementor-widget-text-editor\" data-id=\"51858ad\" data-element_type=\"widget\" data-e-type=\"widget\" data-widget_type=\"text-editor.default\">\n\t\t\t\t<div class=\"elementor-widget-container\">\n\t\t\t\t\t\t\t\t\t<p>Sorumlu: Bayan Termeh<\/p><p>Pozisyon: Kalite G\u00fcvence M\u00fcd\u00fcr\u00fc<\/p>\t\t\t\t\t\t\t\t<\/div>\n\t\t\t\t<\/div>\n\t\t\t\t<div class=\"elementor-element elementor-element-6703546 elementor-icon-list--layout-traditional elementor-list-item-link-full_width elementor-widget elementor-widget-icon-list\" data-id=\"6703546\" data-element_type=\"widget\" data-e-type=\"widget\" data-widget_type=\"icon-list.default\">\n\t\t\t\t<div class=\"elementor-widget-container\">\n\t\t\t\t\t\t\t<ul class=\"elementor-icon-list-items\">\n\t\t\t\t\t\t\t<li class=\"elementor-icon-list-item\">\n\t\t\t\t\t\t\t\t\t\t\t<a href=\"tel:0353188\">\n\n\t\t\t\t\t\t\t\t\t\t\t\t<span class=\"elementor-icon-list-icon\">\n\t\t\t\t\t\t\t<svg aria-hidden=\"true\" class=\"e-font-icon-svg e-fas-phone-alt\" viewBox=\"0 0 512 512\" xmlns=\"http:\/\/www.w3.org\/2000\/svg\"><path d=\"M497.39 361.8l-112-48a24 24 0 0 0-28 6.9l-49.6 60.6A370.66 370.66 0 0 1 130.6 204.11l60.6-49.6a23.94 23.94 0 0 0 6.9-28l-48-112A24.16 24.16 0 0 0 122.6.61l-104 24A24 24 0 0 0 0 48c0 256.5 207.9 464 464 464a24 24 0 0 0 23.4-18.6l24-104a24.29 24.29 0 0 0-14.01-27.6z\"><\/path><\/svg>\t\t\t\t\t\t<\/span>\n\t\t\t\t\t\t\t\t\t\t<span class=\"elementor-icon-list-text\">0353188 dahili 341<\/span>\n\t\t\t\t\t\t\t\t\t\t\t<\/a>\n\t\t\t\t\t\t\t\t\t<\/li>\n\t\t\t\t\t\t<\/ul>\n\t\t\t\t\t\t<\/div>\n\t\t\t\t<\/div>\n\t\t\t\t\t<\/div>\n\t\t\t\t<\/div>\n\t\t<div class=\"elementor-element elementor-element-dccc5ee e-flex e-con-boxed e-con e-parent\" data-id=\"dccc5ee\" data-element_type=\"container\" data-e-type=\"container\">\n\t\t\t\t\t<div class=\"e-con-inner\">\n\t\t\t\t<div class=\"elementor-element elementor-element-1f98370 other-lang-forms elementor-widget elementor-widget-shortcode\" data-id=\"1f98370\" data-element_type=\"widget\" data-e-type=\"widget\" data-widget_type=\"shortcode.default\">\n\t\t\t\t<div class=\"elementor-widget-container\">\n\t\t\t\t\t\t\t<div class=\"elementor-shortcode\">\n<div class=\"wpcf7 no-js\" id=\"wpcf7-f6792-o1\" lang=\"fa-IR\" dir=\"rtl\" data-wpcf7-id=\"6792\">\n<div class=\"screen-reader-response\"><p role=\"status\" aria-live=\"polite\" aria-atomic=\"true\"><\/p> <ul><\/ul><\/div>\n<form action=\"\/tr\/wp-json\/wp\/v2\/pages\/3046#wpcf7-f6792-o1\" method=\"post\" class=\"wpcf7-form init\" aria-label=\"\u0641\u0631\u0645 \u062a\u0645\u0627\u0633\" enctype=\"multipart\/form-data\" novalidate=\"novalidate\" data-status=\"init\">\n<fieldset class=\"hidden-fields-container\"><input type=\"hidden\" name=\"_wpcf7\" value=\"6792\" \/><input type=\"hidden\" name=\"_wpcf7_version\" value=\"6.1.5\" \/><input type=\"hidden\" name=\"_wpcf7_locale\" value=\"fa_IR\" \/><input type=\"hidden\" name=\"_wpcf7_unit_tag\" value=\"wpcf7-f6792-o1\" \/><input type=\"hidden\" name=\"_wpcf7_container_post\" value=\"0\" \/><input type=\"hidden\" name=\"_wpcf7_posted_data_hash\" value=\"\" \/><input type=\"hidden\" name=\"_wpcf7_recaptcha_response\" value=\"\" \/>\n<\/fieldset>\n<p><label> Ad\u0131n\u0131z <\/label><br \/>\n<span class=\"wpcf7-form-control-wrap\" data-name=\"first-name\"><input size=\"40\" maxlength=\"400\" class=\"wpcf7-form-control wpcf7-text wpcf7-validates-as-required first-name\" autocomplete=\"first-name\" aria-required=\"true\" aria-invalid=\"false\" value=\"\" type=\"text\" name=\"first-name\" \/><\/span>\n<\/p>\n<p><label> soy ad\u0131n\u0131z <\/label><br \/>\n<span class=\"wpcf7-form-control-wrap\" data-name=\"last-name\"><input size=\"40\" maxlength=\"400\" class=\"wpcf7-form-control wpcf7-text wpcf7-validates-as-required last-name\" aria-required=\"true\" aria-invalid=\"false\" value=\"\" type=\"text\" name=\"last-name\" \/><\/span>\n<\/p>\n<p><label>Telefon numaras\u0131 <\/label><br \/>\n<span class=\"wpcf7-form-control-wrap\" data-name=\"telephone\"><input size=\"40\" maxlength=\"400\" class=\"wpcf7-form-control wpcf7-tel wpcf7-validates-as-required wpcf7-text wpcf7-validates-as-tel telephone\" aria-required=\"true\" aria-invalid=\"false\" value=\"\" type=\"tel\" name=\"telephone\" \/><\/span>\n<\/p>\n<p><label> E-posta adresiniz <\/label><br \/>\n<span class=\"wpcf7-form-control-wrap\" data-name=\"your-email\"><input size=\"40\" maxlength=\"400\" class=\"wpcf7-form-control wpcf7-email wpcf7-text wpcf7-validates-as-email your-email\" aria-invalid=\"false\" value=\"\" type=\"email\" name=\"your-email\" \/><\/span>\n<\/p>\n<p><label> ekli dosya <\/label><br \/>\n<span class=\"wpcf7-form-control-wrap\" data-name=\"resume\"><input size=\"40\" class=\"wpcf7-form-control wpcf7-file resume\" accept=\".pdf,.jpg\" aria-invalid=\"false\" type=\"file\" name=\"resume\" \/><\/span>\n<\/p>\n<p><label> Talebin konusu <\/label><br \/>\n<span class=\"wpcf7-form-control-wrap\" data-name=\"message-type\"><input size=\"40\" maxlength=\"400\" class=\"wpcf7-form-control wpcf7-text message-type\" aria-invalid=\"false\" value=\"\" type=\"text\" name=\"message-type\" \/><\/span>\n<\/p>\n<p><label> Talebin a\u00e7\u0131klamas\u0131 <\/label><br \/>\n<span class=\"wpcf7-form-control-wrap\" data-name=\"your-message\"><textarea cols=\"40\" rows=\"10\" maxlength=\"2000\" class=\"wpcf7-form-control wpcf7-textarea wpcf7-validates-as-required\" aria-required=\"true\" aria-invalid=\"false\" name=\"your-message\"><\/textarea><\/span>\n<\/p>\n<p><input class=\"wpcf7-form-control wpcf7-submit has-spinner\" type=\"submit\" value=\"Kay\u0131t\" \/>\n<\/p><p style=\"display: none !important;\" class=\"akismet-fields-container\" data-prefix=\"_wpcf7_ak_\"><label>&#916;<textarea name=\"_wpcf7_ak_hp_textarea\" cols=\"45\" rows=\"8\" maxlength=\"100\"><\/textarea><\/label><input type=\"hidden\" id=\"ak_js_1\" name=\"_wpcf7_ak_js\" value=\"132\"\/><script>document.getElementById( \"ak_js_1\" ).setAttribute( \"value\", ( new Date() ).getTime() );<\/script><\/p><div class=\"wpcf7-response-output\" aria-hidden=\"true\"><\/div>\n<\/form>\n<\/div>\n<\/div>\n\t\t\t\t\t\t<\/div>\n\t\t\t\t<\/div>\n\t\t\t\t\t<\/div>\n\t\t\t\t<\/div>\n\t\t\t\t<\/div>\n\t\t","protected":false},"excerpt":{"rendered":"<p>CRM birimi Snowpars, uzun vadeli hedeflerini belirlemek ve belirlemek amac\u0131yla m\u00fc\u015fteri ili\u015fkileri y\u00f6netimi birimi (CRM) olu\u015fturmu\u015ftur. CRM&#8217;in misyonu, m\u00fc\u015fterilerle kar\u015f\u0131l\u0131kl\u0131 etkile\u015fimi art\u0131rarak, onlara y\u00f6nelik hizmetleri geli\u015ftirerek, onlar\u0131n Snowpars \u00fcr\u00fcn ve hizmetlerine ili\u015fkin fikir ve g\u00f6r\u00fc\u015flerini, do\u011fruluk ve a\u00e7\u0131kl\u0131kla, m\u00fc\u015fterilerin kullan\u0131mdan edindi\u011fi ve edindi\u011fi deneyimlere g\u00f6re \u00f6\u011frenmektir. Firman\u0131n \u00fcr\u00fcnlerinden faydalan\u0131n, dikkat edin ve aksiyon al\u0131n. Bu [&hellip;]<\/p>\n","protected":false},"author":1,"featured_media":0,"parent":0,"menu_order":0,"comment_status":"closed","ping_status":"closed","template":"","meta":{"footnotes":""},"class_list":["post-3046","page","type-page","status-publish","hentry"],"_links":{"self":[{"href":"https:\/\/snowpars.com\/tr\/wp-json\/wp\/v2\/pages\/3046","targetHints":{"allow":["GET"]}}],"collection":[{"href":"https:\/\/snowpars.com\/tr\/wp-json\/wp\/v2\/pages"}],"about":[{"href":"https:\/\/snowpars.com\/tr\/wp-json\/wp\/v2\/types\/page"}],"author":[{"embeddable":true,"href":"https:\/\/snowpars.com\/tr\/wp-json\/wp\/v2\/users\/1"}],"replies":[{"embeddable":true,"href":"https:\/\/snowpars.com\/tr\/wp-json\/wp\/v2\/comments?post=3046"}],"version-history":[{"count":0,"href":"https:\/\/snowpars.com\/tr\/wp-json\/wp\/v2\/pages\/3046\/revisions"}],"wp:attachment":[{"href":"https:\/\/snowpars.com\/tr\/wp-json\/wp\/v2\/media?parent=3046"}],"curies":[{"name":"wp","href":"https:\/\/api.w.org\/{rel}","templated":true}]}}