{"id":6731,"date":"2024-06-21T11:36:51","date_gmt":"2024-06-21T08:06:51","guid":{"rendered":"https:\/\/snowpars.com\/public-relations\/"},"modified":"2024-08-06T22:39:52","modified_gmt":"2024-08-06T19:09:52","slug":"public-relations","status":"publish","type":"page","link":"https:\/\/snowpars.com\/tr\/public-relations\/","title":{"rendered":"\u0631\u0648\u0627\u0628\u0637 \u0639\u0645\u0648\u0645\u06cc"},"content":{"rendered":"\t\t<div data-elementor-type=\"wp-page\" data-elementor-id=\"6731\" class=\"elementor elementor-6731 elementor-3116\" data-elementor-post-type=\"page\">\n\t\t\t\t<div class=\"elementor-element elementor-element-e6ca53a e-flex e-con-boxed e-con e-parent\" data-id=\"e6ca53a\" data-element_type=\"container\" data-e-type=\"container\">\n\t\t\t\t\t<div class=\"e-con-inner\">\n\t\t<div class=\"elementor-element elementor-element-882f101 e-con-full e-flex e-con e-child\" data-id=\"882f101\" data-element_type=\"container\" data-e-type=\"container\">\n\t\t\t\t<div class=\"elementor-element elementor-element-801555f elementor-widget elementor-widget-heading\" data-id=\"801555f\" data-element_type=\"widget\" data-e-type=\"widget\" data-widget_type=\"heading.default\">\n\t\t\t\t<div class=\"elementor-widget-container\">\n\t\t\t\t\t<h2 class=\"elementor-heading-title elementor-size-default\">Tanr\u0131 ad\u0131na<\/h2>\t\t\t\t<\/div>\n\t\t\t\t<\/div>\n\t\t\t\t<div class=\"elementor-element elementor-element-7562a3a elementor-widget-divider--view-line elementor-widget elementor-widget-divider\" data-id=\"7562a3a\" data-element_type=\"widget\" data-e-type=\"widget\" data-widget_type=\"divider.default\">\n\t\t\t\t<div class=\"elementor-widget-container\">\n\t\t\t\t\t\t\t<div class=\"elementor-divider\">\n\t\t\t<span class=\"elementor-divider-separator\">\n\t\t\t\t\t\t<\/span>\n\t\t<\/div>\n\t\t\t\t\t\t<\/div>\n\t\t\t\t<\/div>\n\t\t\t\t<div class=\"elementor-element elementor-element-ca709af elementor-widget elementor-widget-text-editor\" data-id=\"ca709af\" data-element_type=\"widget\" data-e-type=\"widget\" data-widget_type=\"text-editor.default\">\n\t\t\t\t<div class=\"elementor-widget-container\">\n\t\t\t\t\t\t\t\t\t<p>Biz her zaman yan\u0131n\u0131zda olmak istedik sevgili insanlar ve bunu en iyi \u015fekilde ba\u015farmak i\u00e7in t\u00fcm g\u00fcc\u00fcm\u00fczle \u00e7abalad\u0131\u011f\u0131m\u0131z i\u00e7in gurur duyuyoruz, \u00e7\u00fcnk\u00fc inan\u0131yoruz ki kredimiz ne olursa olsun sizdendir can\u0131m. insanlar. Yolumuz ve anlam\u0131m\u0131z \u00fcretmektir. K\u00fcresel s\u0131n\u0131fland\u0131rman\u0131n en zor ve stratejik \u00fcr\u00fcnlerinden biri olarak kabul edilen makine \u00fcretimi. T\u00fcm \u00e7abam\u0131z, aziz \u00fclkemizin ve soyda\u015flar\u0131m\u0131z\u0131n onuruna yak\u0131\u015fan \u00fcr\u00fcnler \u00fcretip tedarik edebilmek, bu \u00fclkede bir ya\u015fam tarz\u0131 ve y\u00fcksek d\u00fczeyde cihaz sahipli\u011fi geli\u015ftirerek m\u00fc\u015fterilerimizin kendilerini y\u00fcksek hissetmeleri ve deneyimleyebilmeleri i\u00e7in olmu\u015ftur. \u0130thal ekipmanla kar\u015f\u0131 kar\u015f\u0131ya kald\u0131\u011f\u0131n\u0131zda kalite.<\/p><p>Bug\u00fcn slogan\u0131m\u0131zla bir ad\u0131m daha ileri giderek her zamankinden daha fazla yan\u0131n\u0131zda olmay\u0131 ama\u00e7l\u0131yoruz; Sevin\u00e7lerde \u00fcz\u00fcnt\u00fclerde, zorluklarda zaferlerde. \u00c7\u00fcnk\u00fc bizim m\u00fc\u015fterilerimize bak\u0131\u015f\u0131m\u0131z al\u0131c\u0131 ve sat\u0131c\u0131lar\u0131n g\u00f6r\u00fc\u015f\u00fcn\u00fcn \u00f6tesindedir ama bizim g\u00f6r\u00fc\u015f\u00fcm\u00fcz Senopars ailesidir.<\/p><p>Senopars halkla ili\u015fkiler, siz sevdiklerinizle olan etkile\u015fiminizi geli\u015ftirmek amac\u0131yla olu\u015fturulmu\u015f olup, siz sevdiklerinizle daha iyi etkile\u015fimler i\u00e7in \u015firket politikalar\u0131 do\u011frultusunda ad\u0131mlar atmaya ve gerekli her t\u00fcrl\u00fc aksiyonu m\u00fcmk\u00fcn olan en iyi ve en h\u0131zl\u0131 zamanda almaya \u00e7al\u0131\u015facakt\u0131r.<\/p><p>Sizinle birlikte \/ sizinle senkronize \/ yan\u0131n\u0131zda \ud83d\udc9b<\/p><p>Ya\u015fas\u0131n \u0130ran, ya\u015fas\u0131n hem\u015fehrilerimiz.<\/p>\t\t\t\t\t\t\t\t<\/div>\n\t\t\t\t<\/div>\n\t\t\t\t<div class=\"elementor-element elementor-element-09b0d19 elementor-icon-list--layout-traditional elementor-list-item-link-full_width elementor-widget elementor-widget-icon-list\" data-id=\"09b0d19\" data-element_type=\"widget\" data-e-type=\"widget\" data-widget_type=\"icon-list.default\">\n\t\t\t\t<div class=\"elementor-widget-container\">\n\t\t\t\t\t\t\t<ul class=\"elementor-icon-list-items\">\n\t\t\t\t\t\t\t<li class=\"elementor-icon-list-item\">\n\t\t\t\t\t\t\t\t\t\t\t<a href=\"tel:0353188\">\n\n\t\t\t\t\t\t\t\t\t\t\t\t<span class=\"elementor-icon-list-icon\">\n\t\t\t\t\t\t\t<svg aria-hidden=\"true\" class=\"e-font-icon-svg e-fas-phone\" viewBox=\"0 0 512 512\" xmlns=\"http:\/\/www.w3.org\/2000\/svg\"><path d=\"M493.4 24.6l-104-24c-11.3-2.6-22.9 3.3-27.5 13.9l-48 112c-4.2 9.8-1.4 21.3 6.9 28l60.6 49.6c-36 76.7-98.9 140.5-177.2 177.2l-49.6-60.6c-6.8-8.3-18.2-11.1-28-6.9l-112 48C3.9 366.5-2 378.1.6 389.4l24 104C27.1 504.2 36.7 512 48 512c256.1 0 464-207.5 464-464 0-11.2-7.7-20.9-18.6-23.4z\"><\/path><\/svg>\t\t\t\t\t\t<\/span>\n\t\t\t\t\t\t\t\t\t\t<span class=\"elementor-icon-list-text\">\u0130rtibat numaras\u0131: 0353188 dahili 710<\/span>\n\t\t\t\t\t\t\t\t\t\t\t<\/a>\n\t\t\t\t\t\t\t\t\t<\/li>\n\t\t\t\t\t\t<\/ul>\n\t\t\t\t\t\t<\/div>\n\t\t\t\t<\/div>\n\t\t\t\t<\/div>\n\t\t<div class=\"elementor-element elementor-element-8a55f83 e-con-full e-flex e-con e-child\" data-id=\"8a55f83\" data-element_type=\"container\" data-e-type=\"container\">\n\t\t\t\t<div class=\"elementor-element elementor-element-8420e15 elementor-widget elementor-widget-image\" data-id=\"8420e15\" data-element_type=\"widget\" data-e-type=\"widget\" data-widget_type=\"image.default\">\n\t\t\t\t<div class=\"elementor-widget-container\">\n\t\t\t\t\t\t\t\t\t\t\t\t\t\t\t<img fetchpriority=\"high\" decoding=\"async\" width=\"960\" height=\"1280\" src=\"https:\/\/snowpars.com\/wp-content\/uploads\/2024\/07\/2\u0631\u0648\u0627\u0628\u0637-\u0639\u0645\u0648\u0645\u06cc.webp\" class=\"attachment-full size-full wp-image-5633\" alt=\"\" srcset=\"https:\/\/snowpars.com\/wp-content\/uploads\/2024\/07\/2\u0631\u0648\u0627\u0628\u0637-\u0639\u0645\u0648\u0645\u06cc.webp 960w, https:\/\/snowpars.com\/wp-content\/uploads\/2024\/07\/2\u0631\u0648\u0627\u0628\u0637-\u0639\u0645\u0648\u0645\u06cc-225x300.webp 225w, https:\/\/snowpars.com\/wp-content\/uploads\/2024\/07\/2\u0631\u0648\u0627\u0628\u0637-\u0639\u0645\u0648\u0645\u06cc-768x1024.webp 768w, https:\/\/snowpars.com\/wp-content\/uploads\/2024\/07\/2\u0631\u0648\u0627\u0628\u0637-\u0639\u0645\u0648\u0645\u06cc-600x800.webp 600w\" sizes=\"(max-width: 960px) 100vw, 960px\" \/>\t\t\t\t\t\t\t\t\t\t\t\t\t\t\t<\/div>\n\t\t\t\t<\/div>\n\t\t\t\t<\/div>\n\t\t\t\t\t<\/div>\n\t\t\t\t<\/div>\n\t\t\t\t<\/div>\n\t\t","protected":false},"excerpt":{"rendered":"<p>Tanr\u0131 ad\u0131na Biz her zaman yan\u0131n\u0131zda olmak istedik sevgili insanlar ve bunu en iyi \u015fekilde ba\u015farmak i\u00e7in t\u00fcm g\u00fcc\u00fcm\u00fczle \u00e7abalad\u0131\u011f\u0131m\u0131z i\u00e7in gurur duyuyoruz, \u00e7\u00fcnk\u00fc inan\u0131yoruz ki kredimiz ne olursa olsun sizdendir can\u0131m. insanlar. Yolumuz ve anlam\u0131m\u0131z \u00fcretmektir. K\u00fcresel s\u0131n\u0131fland\u0131rman\u0131n en zor ve stratejik \u00fcr\u00fcnlerinden biri olarak kabul edilen makine \u00fcretimi. T\u00fcm \u00e7abam\u0131z, aziz \u00fclkemizin ve [&hellip;]<\/p>\n","protected":false},"author":1,"featured_media":0,"parent":0,"menu_order":0,"comment_status":"closed","ping_status":"closed","template":"elementor_header_footer","meta":{"footnotes":""},"class_list":["post-6731","page","type-page","status-publish","hentry"],"_links":{"self":[{"href":"https:\/\/snowpars.com\/tr\/wp-json\/wp\/v2\/pages\/6731","targetHints":{"allow":["GET"]}}],"collection":[{"href":"https:\/\/snowpars.com\/tr\/wp-json\/wp\/v2\/pages"}],"about":[{"href":"https:\/\/snowpars.com\/tr\/wp-json\/wp\/v2\/types\/page"}],"author":[{"embeddable":true,"href":"https:\/\/snowpars.com\/tr\/wp-json\/wp\/v2\/users\/1"}],"replies":[{"embeddable":true,"href":"https:\/\/snowpars.com\/tr\/wp-json\/wp\/v2\/comments?post=6731"}],"version-history":[{"count":0,"href":"https:\/\/snowpars.com\/tr\/wp-json\/wp\/v2\/pages\/6731\/revisions"}],"wp:attachment":[{"href":"https:\/\/snowpars.com\/tr\/wp-json\/wp\/v2\/media?parent=6731"}],"curies":[{"name":"wp","href":"https:\/\/api.w.org\/{rel}","templated":true}]}}