{"id":6742,"date":"2024-07-15T12:06:06","date_gmt":"2024-07-15T08:36:06","guid":{"rendered":"https:\/\/snowpars.com\/strategy\/"},"modified":"2024-08-06T22:36:55","modified_gmt":"2024-08-06T19:06:55","slug":"strategy","status":"publish","type":"page","link":"https:\/\/snowpars.com\/tr\/strategy\/","title":{"rendered":"\u0627\u0633\u062a\u0631\u0627\u062a\u0698\u06cc"},"content":{"rendered":"\t\t<div data-elementor-type=\"wp-page\" data-elementor-id=\"6742\" class=\"elementor elementor-6742 elementor-5935\" data-elementor-post-type=\"page\">\n\t\t\t\t<div class=\"elementor-element elementor-element-69b38d6 e-flex e-con-boxed e-con e-parent\" data-id=\"69b38d6\" data-element_type=\"container\" data-e-type=\"container\">\n\t\t\t\t\t<div class=\"e-con-inner\">\n\t\t\t\t<div class=\"elementor-element elementor-element-11e00eb elementor-widget elementor-widget-heading\" data-id=\"11e00eb\" data-element_type=\"widget\" data-e-type=\"widget\" data-widget_type=\"heading.default\">\n\t\t\t\t<div class=\"elementor-widget-container\">\n\t\t\t\t\t<h2 class=\"elementor-heading-title elementor-size-default\">Strateji<\/h2>\t\t\t\t<\/div>\n\t\t\t\t<\/div>\n\t\t\t\t<div class=\"elementor-element elementor-element-8e81fbe elementor-widget-divider--view-line elementor-widget elementor-widget-divider\" data-id=\"8e81fbe\" data-element_type=\"widget\" data-e-type=\"widget\" data-widget_type=\"divider.default\">\n\t\t\t\t<div class=\"elementor-widget-container\">\n\t\t\t\t\t\t\t<div class=\"elementor-divider\">\n\t\t\t<span class=\"elementor-divider-separator\">\n\t\t\t\t\t\t<\/span>\n\t\t<\/div>\n\t\t\t\t\t\t<\/div>\n\t\t\t\t<\/div>\n\t\t\t\t<div class=\"elementor-element elementor-element-acd9326 elementor-widget elementor-widget-image\" data-id=\"acd9326\" data-element_type=\"widget\" data-e-type=\"widget\" data-widget_type=\"image.default\">\n\t\t\t\t<div class=\"elementor-widget-container\">\n\t\t\t\t\t\t\t\t\t\t\t\t\t\t\t<img fetchpriority=\"high\" decoding=\"async\" width=\"1140\" height=\"400\" src=\"https:\/\/snowpars.com\/wp-content\/uploads\/2024\/06\/\u0628\u0646\u0631-\u0627\u0633\u062a\u0631\u0627\u062a\u0698\u06cc.webp\" class=\"attachment-full size-full wp-image-1480\" alt=\"\" srcset=\"https:\/\/snowpars.com\/wp-content\/uploads\/2024\/06\/\u0628\u0646\u0631-\u0627\u0633\u062a\u0631\u0627\u062a\u0698\u06cc.webp 1140w, https:\/\/snowpars.com\/wp-content\/uploads\/2024\/06\/\u0628\u0646\u0631-\u0627\u0633\u062a\u0631\u0627\u062a\u0698\u06cc-300x105.webp 300w, https:\/\/snowpars.com\/wp-content\/uploads\/2024\/06\/\u0628\u0646\u0631-\u0627\u0633\u062a\u0631\u0627\u062a\u0698\u06cc-1024x359.webp 1024w, https:\/\/snowpars.com\/wp-content\/uploads\/2024\/06\/\u0628\u0646\u0631-\u0627\u0633\u062a\u0631\u0627\u062a\u0698\u06cc-768x269.webp 768w, https:\/\/snowpars.com\/wp-content\/uploads\/2024\/06\/\u0628\u0646\u0631-\u0627\u0633\u062a\u0631\u0627\u062a\u0698\u06cc-600x211.webp 600w\" sizes=\"(max-width: 1140px) 100vw, 1140px\" \/>\t\t\t\t\t\t\t\t\t\t\t\t\t\t\t<\/div>\n\t\t\t\t<\/div>\n\t\t\t\t<div class=\"elementor-element elementor-element-ac18511 elementor-widget elementor-widget-text-editor\" data-id=\"ac18511\" data-element_type=\"widget\" data-e-type=\"widget\" data-widget_type=\"text-editor.default\">\n\t\t\t\t<div class=\"elementor-widget-container\">\n\t\t\t\t\t\t\t\t\t<p>Cenopars stratejisi, m\u00fc\u015fterilerimizin ve i\u00e7inde ya\u015fad\u0131\u011f\u0131m\u0131z toplumun ihtiya\u00e7lar\u0131n\u0131 kar\u015f\u0131lama konusundaki miras\u0131m\u0131z\u0131 ve s\u00fcrekli kararl\u0131l\u0131\u011f\u0131m\u0131z\u0131 ifade eder. Kurulu\u015fumuzun de\u011ferlerine uygun olarak Senopars \u00e7al\u0131\u015fanlar\u0131, operasyonel ve y\u00f6netimsel modellerle i\u015fin ana g\u00f6r\u00fcn\u00fcm\u00fcn\u00fc sa\u011flamakta, bu sayede bug\u00fcn ve yar\u0131n b\u00fcy\u00fcme ve karl\u0131l\u0131\u011fa y\u00f6nelik stratejik se\u00e7enekleri payla\u015fmaktad\u0131r. M\u00fc\u015fterilerin daha iyi bir d\u00fcnya in\u015fa etmelerine yard\u0131mc\u0131 olacak \u00e7\u00f6z\u00fcmler sunuyoruz.<\/p>\t\t\t\t\t\t\t\t<\/div>\n\t\t\t\t<\/div>\n\t\t\t\t\t<\/div>\n\t\t\t\t<\/div>\n\t\t\t\t<\/div>\n\t\t","protected":false},"excerpt":{"rendered":"<p>Strateji Cenopars stratejisi, m\u00fc\u015fterilerimizin ve i\u00e7inde ya\u015fad\u0131\u011f\u0131m\u0131z toplumun ihtiya\u00e7lar\u0131n\u0131 kar\u015f\u0131lama konusundaki miras\u0131m\u0131z\u0131 ve s\u00fcrekli kararl\u0131l\u0131\u011f\u0131m\u0131z\u0131 ifade eder. Kurulu\u015fumuzun de\u011ferlerine uygun olarak Senopars \u00e7al\u0131\u015fanlar\u0131, operasyonel ve y\u00f6netimsel modellerle i\u015fin ana g\u00f6r\u00fcn\u00fcm\u00fcn\u00fc sa\u011flamakta, bu sayede bug\u00fcn ve yar\u0131n b\u00fcy\u00fcme ve karl\u0131l\u0131\u011fa y\u00f6nelik stratejik se\u00e7enekleri payla\u015fmaktad\u0131r. M\u00fc\u015fterilerin daha iyi bir d\u00fcnya in\u015fa etmelerine yard\u0131mc\u0131 olacak \u00e7\u00f6z\u00fcmler sunuyoruz.<\/p>\n","protected":false},"author":1,"featured_media":0,"parent":0,"menu_order":0,"comment_status":"closed","ping_status":"closed","template":"","meta":{"footnotes":""},"class_list":["post-6742","page","type-page","status-publish","hentry"],"_links":{"self":[{"href":"https:\/\/snowpars.com\/tr\/wp-json\/wp\/v2\/pages\/6742","targetHints":{"allow":["GET"]}}],"collection":[{"href":"https:\/\/snowpars.com\/tr\/wp-json\/wp\/v2\/pages"}],"about":[{"href":"https:\/\/snowpars.com\/tr\/wp-json\/wp\/v2\/types\/page"}],"author":[{"embeddable":true,"href":"https:\/\/snowpars.com\/tr\/wp-json\/wp\/v2\/users\/1"}],"replies":[{"embeddable":true,"href":"https:\/\/snowpars.com\/tr\/wp-json\/wp\/v2\/comments?post=6742"}],"version-history":[{"count":0,"href":"https:\/\/snowpars.com\/tr\/wp-json\/wp\/v2\/pages\/6742\/revisions"}],"wp:attachment":[{"href":"https:\/\/snowpars.com\/tr\/wp-json\/wp\/v2\/media?parent=6742"}],"curies":[{"name":"wp","href":"https:\/\/api.w.org\/{rel}","templated":true}]}}