{"id":6743,"date":"2024-07-15T11:57:03","date_gmt":"2024-07-15T08:27:03","guid":{"rendered":"https:\/\/snowpars.com\/history\/"},"modified":"2024-08-06T22:37:58","modified_gmt":"2024-08-06T19:07:58","slug":"history","status":"publish","type":"page","link":"https:\/\/snowpars.com\/tr\/history\/","title":{"rendered":"\u062a\u0627\u0631\u06cc\u062e\u0686\u0647"},"content":{"rendered":"\t\t<div data-elementor-type=\"wp-page\" data-elementor-id=\"6743\" class=\"elementor elementor-6743 elementor-5924\" data-elementor-post-type=\"page\">\n\t\t\t\t<div class=\"elementor-element elementor-element-3838ca4 e-flex e-con-boxed e-con e-parent\" data-id=\"3838ca4\" data-element_type=\"container\" data-e-type=\"container\">\n\t\t\t\t\t<div class=\"e-con-inner\">\n\t\t\t\t<div class=\"elementor-element elementor-element-03ed250 elementor-widget elementor-widget-heading\" data-id=\"03ed250\" data-element_type=\"widget\" data-e-type=\"widget\" data-widget_type=\"heading.default\">\n\t\t\t\t<div class=\"elementor-widget-container\">\n\t\t\t\t\t<h2 class=\"elementor-heading-title elementor-size-default\">Tarih<\/h2>\t\t\t\t<\/div>\n\t\t\t\t<\/div>\n\t\t\t\t<div class=\"elementor-element elementor-element-52b5e2d elementor-widget-divider--view-line elementor-widget elementor-widget-divider\" data-id=\"52b5e2d\" data-element_type=\"widget\" data-e-type=\"widget\" data-widget_type=\"divider.default\">\n\t\t\t\t<div class=\"elementor-widget-container\">\n\t\t\t\t\t\t\t<div class=\"elementor-divider\">\n\t\t\t<span class=\"elementor-divider-separator\">\n\t\t\t\t\t\t<\/span>\n\t\t<\/div>\n\t\t\t\t\t\t<\/div>\n\t\t\t\t<\/div>\n\t\t\t\t<div class=\"elementor-element elementor-element-9203af8 elementor-widget elementor-widget-image\" data-id=\"9203af8\" data-element_type=\"widget\" data-e-type=\"widget\" data-widget_type=\"image.default\">\n\t\t\t\t<div class=\"elementor-widget-container\">\n\t\t\t\t\t\t\t\t\t\t\t\t\t\t\t<img fetchpriority=\"high\" decoding=\"async\" width=\"1080\" height=\"378\" src=\"https:\/\/snowpars.com\/wp-content\/uploads\/2024\/06\/\u062a\u0627\u0631\u06cc\u062e\u0686\u0647-\u0645\u0627\u0634\u06cc\u06462.jpg\" class=\"attachment-full size-full wp-image-3688\" alt=\"\u062a\u0627\u0631\u06cc\u062e\u0686\u0647 \u0645\u0627\u0634\u06cc\u06462\" srcset=\"https:\/\/snowpars.com\/wp-content\/uploads\/2024\/06\/\u062a\u0627\u0631\u06cc\u062e\u0686\u0647-\u0645\u0627\u0634\u06cc\u06462.jpg 1080w, https:\/\/snowpars.com\/wp-content\/uploads\/2024\/06\/\u062a\u0627\u0631\u06cc\u062e\u0686\u0647-\u0645\u0627\u0634\u06cc\u06462-300x105.jpg 300w, https:\/\/snowpars.com\/wp-content\/uploads\/2024\/06\/\u062a\u0627\u0631\u06cc\u062e\u0686\u0647-\u0645\u0627\u0634\u06cc\u06462-1024x358.jpg 1024w, https:\/\/snowpars.com\/wp-content\/uploads\/2024\/06\/\u062a\u0627\u0631\u06cc\u062e\u0686\u0647-\u0645\u0627\u0634\u06cc\u06462-768x269.jpg 768w, https:\/\/snowpars.com\/wp-content\/uploads\/2024\/06\/\u062a\u0627\u0631\u06cc\u062e\u0686\u0647-\u0645\u0627\u0634\u06cc\u06462-600x210.jpg 600w\" sizes=\"(max-width: 1080px) 100vw, 1080px\" \/>\t\t\t\t\t\t\t\t\t\t\t\t\t\t\t<\/div>\n\t\t\t\t<\/div>\n\t\t\t\t<div class=\"elementor-element elementor-element-9acbc2b elementor-widget elementor-widget-text-editor\" data-id=\"9acbc2b\" data-element_type=\"widget\" data-e-type=\"widget\" data-widget_type=\"text-editor.default\">\n\t\t\t\t<div class=\"elementor-widget-container\">\n\t\t\t\t\t\t\t\t\t<p>Senopars&#8217;\u0131n tarihi \u00e7al\u0131\u015fma, ara\u015ft\u0131rma, tasar\u0131m, yenilik, test, hizmet ve iyile\u015ftirme gibi faaliyetlerle doludur.<br \/>Senopars firmas\u0131n\u0131n kurulmas\u0131 ve kaliteli cihazlar\u0131n \u00fcretilmesiyle toplum ge\u00e7mi\u015ften g\u00fcn\u00fcm\u00fcze zengin ba\u015far\u0131lar\u0131ndan faydalanm\u0131\u015ft\u0131r.<br \/>Faaliyetimiz ilk olarak k\u00fc\u00e7\u00fck bir at\u00f6lyede \u00f6n y\u00fckleyici \u00fcretimi ile ba\u015flam\u0131\u015f olup, g\u00fcn\u00fcm\u00fcze kadar d\u00fcnyan\u0131n en iyi markalar\u0131 ile rekabet edebilecek kapasiteye sahip, en geli\u015fmi\u015f ve g\u00fcncel arka y\u00fckleyiciyi 2000 m2&#8217;lik bir fabrikada \u00fcretmekteyiz. 25.000 metrekare ve \u0130ran&#8217;daki en iyi \u00fcretim teknolojisine, kurucusunun liderli\u011finde \u0130ran&#8217;da bu alan\u0131n en iyi m\u00fchendisleri ve personeli ile devam etmektedir. 2002 y\u0131l\u0131ndan bu yana \u0130ran&#8217;da yol yap\u0131m makineleri \u00fcreticisi olan Hidromak T\u00fcrkiye&#8217;nin resmi ve tek temsilcisi, Senopars&#8217;\u0131n faaliyetlerinin bir di\u011fer b\u00f6l\u00fcm\u00fcn\u00fc olu\u015fturuyor.<\/p>\t\t\t\t\t\t\t\t<\/div>\n\t\t\t\t<\/div>\n\t\t\t\t\t<\/div>\n\t\t\t\t<\/div>\n\t\t\t\t<\/div>\n\t\t","protected":false},"excerpt":{"rendered":"<p>Tarih Senopars&#8217;\u0131n tarihi \u00e7al\u0131\u015fma, ara\u015ft\u0131rma, tasar\u0131m, yenilik, test, hizmet ve iyile\u015ftirme gibi faaliyetlerle doludur.Senopars firmas\u0131n\u0131n kurulmas\u0131 ve kaliteli cihazlar\u0131n \u00fcretilmesiyle toplum ge\u00e7mi\u015ften g\u00fcn\u00fcm\u00fcze zengin ba\u015far\u0131lar\u0131ndan faydalanm\u0131\u015ft\u0131r.Faaliyetimiz ilk olarak k\u00fc\u00e7\u00fck bir at\u00f6lyede \u00f6n y\u00fckleyici \u00fcretimi ile ba\u015flam\u0131\u015f olup, g\u00fcn\u00fcm\u00fcze kadar d\u00fcnyan\u0131n en iyi markalar\u0131 ile rekabet edebilecek kapasiteye sahip, en geli\u015fmi\u015f ve g\u00fcncel arka y\u00fckleyiciyi 2000 [&hellip;]<\/p>\n","protected":false},"author":1,"featured_media":0,"parent":0,"menu_order":0,"comment_status":"closed","ping_status":"closed","template":"","meta":{"footnotes":""},"class_list":["post-6743","page","type-page","status-publish","hentry"],"_links":{"self":[{"href":"https:\/\/snowpars.com\/tr\/wp-json\/wp\/v2\/pages\/6743","targetHints":{"allow":["GET"]}}],"collection":[{"href":"https:\/\/snowpars.com\/tr\/wp-json\/wp\/v2\/pages"}],"about":[{"href":"https:\/\/snowpars.com\/tr\/wp-json\/wp\/v2\/types\/page"}],"author":[{"embeddable":true,"href":"https:\/\/snowpars.com\/tr\/wp-json\/wp\/v2\/users\/1"}],"replies":[{"embeddable":true,"href":"https:\/\/snowpars.com\/tr\/wp-json\/wp\/v2\/comments?post=6743"}],"version-history":[{"count":0,"href":"https:\/\/snowpars.com\/tr\/wp-json\/wp\/v2\/pages\/6743\/revisions"}],"wp:attachment":[{"href":"https:\/\/snowpars.com\/tr\/wp-json\/wp\/v2\/media?parent=6743"}],"curies":[{"name":"wp","href":"https:\/\/api.w.org\/{rel}","templated":true}]}}