{"id":2115,"date":"2023-08-10T17:07:53","date_gmt":"2023-08-10T13:37:53","guid":{"rendered":"https:\/\/snowpars.com\/product\/kazici-yukleyici-sp-eco\/"},"modified":"2025-07-18T16:29:33","modified_gmt":"2025-07-18T12:59:33","slug":"sp-eco","status":"publish","type":"product","link":"https:\/\/snowpars.com\/tr\/product\/sp-eco\/","title":{"rendered":"Kaz\u0131c\u0131 y\u00fckleyici SP ECO"},"content":{"rendered":"","protected":false},"excerpt":{"rendered":"","protected":false},"featured_media":5287,"template":"","meta":[],"product_brand":[],"product_cat":[143],"product_tag":[144],"class_list":{"0":"post-2115","1":"product","2":"type-product","3":"status-publish","4":"has-post-thumbnail","6":"product_cat---tr","7":"product_tag--tr","9":"first","10":"instock","11":"shipping-taxable","12":"product-type-simple"},"_links":{"self":[{"href":"https:\/\/snowpars.com\/tr\/wp-json\/wp\/v2\/product\/2115","targetHints":{"allow":["GET"]}}],"collection":[{"href":"https:\/\/snowpars.com\/tr\/wp-json\/wp\/v2\/product"}],"about":[{"href":"https:\/\/snowpars.com\/tr\/wp-json\/wp\/v2\/types\/product"}],"version-history":[{"count":1,"href":"https:\/\/snowpars.com\/tr\/wp-json\/wp\/v2\/product\/2115\/revisions"}],"predecessor-version":[{"id":10432,"href":"https:\/\/snowpars.com\/tr\/wp-json\/wp\/v2\/product\/2115\/revisions\/10432"}],"wp:featuredmedia":[{"embeddable":true,"href":"https:\/\/snowpars.com\/tr\/wp-json\/wp\/v2\/media\/5287"}],"wp:attachment":[{"href":"https:\/\/snowpars.com\/tr\/wp-json\/wp\/v2\/media?parent=2115"}],"wp:term":[{"taxonomy":"product_brand","embeddable":true,"href":"https:\/\/snowpars.com\/tr\/wp-json\/wp\/v2\/product_brand?post=2115"},{"taxonomy":"product_cat","embeddable":true,"href":"https:\/\/snowpars.com\/tr\/wp-json\/wp\/v2\/product_cat?post=2115"},{"taxonomy":"product_tag","embeddable":true,"href":"https:\/\/snowpars.com\/tr\/wp-json\/wp\/v2\/product_tag?post=2115"}],"curies":[{"name":"wp","href":"https:\/\/api.w.org\/{rel}","templated":true}]}}