{"id":888,"date":"2023-08-11T07:13:28","date_gmt":"2023-08-11T03:43:28","guid":{"rendered":"https:\/\/snowpars.com\/product\/%d8%a8%da%a9%d9%87%d9%88%d9%84%d9%88%d8%af%d8%b1-sp-max-500b\/"},"modified":"2025-07-18T16:28:57","modified_gmt":"2025-07-18T12:58:57","slug":"sp-max-500b","status":"publish","type":"product","link":"https:\/\/snowpars.com\/tr\/product\/sp-max-500b\/","title":{"rendered":"SP MAX 500B kaz\u0131c\u0131 y\u00fckleyici"},"content":{"rendered":"","protected":false},"excerpt":{"rendered":"","protected":false},"featured_media":5627,"template":"","meta":[],"product_brand":[],"product_cat":[143],"product_tag":[144],"class_list":{"0":"post-888","1":"product","2":"type-product","3":"status-publish","4":"has-post-thumbnail","6":"product_cat---tr","7":"product_tag--tr","9":"first","10":"instock","11":"shipping-taxable","12":"product-type-simple"},"_links":{"self":[{"href":"https:\/\/snowpars.com\/tr\/wp-json\/wp\/v2\/product\/888","targetHints":{"allow":["GET"]}}],"collection":[{"href":"https:\/\/snowpars.com\/tr\/wp-json\/wp\/v2\/product"}],"about":[{"href":"https:\/\/snowpars.com\/tr\/wp-json\/wp\/v2\/types\/product"}],"version-history":[{"count":1,"href":"https:\/\/snowpars.com\/tr\/wp-json\/wp\/v2\/product\/888\/revisions"}],"predecessor-version":[{"id":10430,"href":"https:\/\/snowpars.com\/tr\/wp-json\/wp\/v2\/product\/888\/revisions\/10430"}],"wp:featuredmedia":[{"embeddable":true,"href":"https:\/\/snowpars.com\/tr\/wp-json\/wp\/v2\/media\/5627"}],"wp:attachment":[{"href":"https:\/\/snowpars.com\/tr\/wp-json\/wp\/v2\/media?parent=888"}],"wp:term":[{"taxonomy":"product_brand","embeddable":true,"href":"https:\/\/snowpars.com\/tr\/wp-json\/wp\/v2\/product_brand?post=888"},{"taxonomy":"product_cat","embeddable":true,"href":"https:\/\/snowpars.com\/tr\/wp-json\/wp\/v2\/product_cat?post=888"},{"taxonomy":"product_tag","embeddable":true,"href":"https:\/\/snowpars.com\/tr\/wp-json\/wp\/v2\/product_tag?post=888"}],"curies":[{"name":"wp","href":"https:\/\/api.w.org\/{rel}","templated":true}]}}